{"id":6830,"date":"2020-02-01T03:03:23","date_gmt":"2020-02-01T03:03:23","guid":{"rendered":"http:\/\/itacademy.vn\/demo\/demo2\/?page_id=6830"},"modified":"2020-02-01T03:03:23","modified_gmt":"2020-02-01T03:03:23","slug":"ban-giam-hieu-thuong-truc","status":"publish","type":"page","link":"https:\/\/nguyenhuetdnb.edu.vn\/index.php\/ban-giam-hieu-thuong-truc\/","title":{"rendered":"Ban gi\u00e1m hi\u1ec7u th\u01b0\u01a1ng tr\u1ef1c"},"content":{"rendered":"<div id=\"pl-6830\"  class=\"panel-layout\" ><div id=\"pg-6830-0\"  class=\"panel-grid panel-no-style\" ><div id=\"pgc-6830-0-0\"  class=\"panel-grid-cell\" ><div id=\"panel-6830-0-0-0\" class=\"so-panel widget widget_our-team panel-first-child panel-last-child\" data-index=\"0\" ><div class=\"thim-widget-our-team thim-widget-our-team-base template-base\"><div class=\"wrapper-lists-our-team  wpb_animate_when_almost_visible wpb_left-to-right\"><div class=\"row\"><div class=\"our-team-item col-sm-3\"><div class=\"our-team-image\"> <a class=\"link-img\" href=\"https:\/\/nguyenhuetdnb.edu.vn\/index.php\/our_team\/le-thi-anh-tuyet-2\/\"><\/a><img loading=\"lazy\" decoding=\"async\" src=\"https:\/\/nguyenhuetdnb.edu.vn\/wp-content\/uploads\/2020\/02\/C\u00f4-L\u00ea-\u00c1nh-Tuy\u1ebft-GV-\u0110\u1ecba-L\u00fd-200x200.jpg\" alt=\"C\u00f4 L\u00ea \u00c1nh Tuy\u1ebft GV \u0110\u1ecba L\u00fd\" title=\"C\u00f4 L\u00ea \u00c1nh Tuy\u1ebft GV \u0110\u1ecba L\u00fd\"  width=\"200\" height=\"200\"><div class=\"social-team\"><\/div><\/div><div class=\"content-team\"><h4 class=\"title\"><a href=\"https:\/\/nguyenhuetdnb.edu.vn\/index.php\/our_team\/le-thi-anh-tuyet-2\/\">C\u00f4 L\u00ea Th\u1ecb \u00c1nh Tuy\u1ebft<\/a><\/h4><div class = \"regency\">PH\u00d3 HI\u1ec6UTR\u01af\u1edeNG<\/div><\/div><\/div><div class=\"our-team-item col-sm-3\"><div class=\"our-team-image\"> <a class=\"link-img\" href=\"https:\/\/nguyenhuetdnb.edu.vn\/index.php\/our_team\/dinh-khac-xuan\/\"><\/a><img loading=\"lazy\" decoding=\"async\" src=\"https:\/\/nguyenhuetdnb.edu.vn\/wp-content\/uploads\/2020\/02\/Th\u1ea7y-\u0110inh-Kh\u1eafc-Xu\u00e2n-GV-m\u00f4n-V\u1eadt-L\u00fd-scaled-200x200.jpg\" alt=\"Th\u1ea7y \u0110inh Kh\u1eafc Xu\u00e2n GV m\u00f4n V\u1eadt L\u00fd\" title=\"Th\u1ea7y \u0110inh Kh\u1eafc Xu\u00e2n GV m\u00f4n V\u1eadt L\u00fd\"  width=\"200\" height=\"200\"><div class=\"social-team\"><\/div><\/div><div class=\"content-team\"><h4 class=\"title\"><a href=\"https:\/\/nguyenhuetdnb.edu.vn\/index.php\/our_team\/dinh-khac-xuan\/\">Th\u1ea7y \u0110inh Kh\u1eafc Xu\u00e2n<\/a><\/h4><div class = \"regency\">Ph\u00f3 Hi\u00eau Tr\u01b0\u1edfng<\/div><\/div><\/div><div class=\"our-team-item col-sm-3\"><div class=\"our-team-image\"> <a class=\"link-img\" href=\"https:\/\/nguyenhuetdnb.edu.vn\/index.php\/our_team\/co-doan-thi-kim-dung\/\"><\/a><img loading=\"lazy\" decoding=\"async\" src=\"https:\/\/nguyenhuetdnb.edu.vn\/wp-content\/uploads\/2020\/01\/C\u00f4-\u0110o\u00e0n-Th\u1ecb-Kim-Dung-Hi\u1ec7u-Tr\u01b0\u1edfng-200x200.jpg\" alt=\"C\u00f4 \u0110o\u00e0n Th\u1ecb Kim Dung Hi\u1ec7u Tr\u01b0\u1edfng\" title=\"C\u00f4 \u0110o\u00e0n Th\u1ecb Kim Dung Hi\u1ec7u Tr\u01b0\u1edfng\"  width=\"200\" height=\"200\"><div class=\"social-team\"><\/div><\/div><div class=\"content-team\"><h4 class=\"title\"><a href=\"https:\/\/nguyenhuetdnb.edu.vn\/index.php\/our_team\/co-doan-thi-kim-dung\/\">C\u00f4 \u0110o\u00e0n Th\u1ecb Kim Dung<\/a><\/h4><div class = \"regency\">Hi\u1ec7u Tr\u01b0\u1edfng, b\u00ed th\u01b0 chi b\u1ed9<\/div><\/div><\/div><\/div><\/div><\/div><\/div><\/div><\/div><\/div>","protected":false},"excerpt":{"rendered":"","protected":false},"author":2,"featured_media":0,"parent":0,"menu_order":0,"comment_status":"closed","ping_status":"closed","template":"","meta":{"_bbp_topic_count":0,"_bbp_reply_count":0,"_bbp_total_topic_count":0,"_bbp_total_reply_count":0,"_bbp_voice_count":0,"_bbp_anonymous_reply_count":0,"_bbp_topic_count_hidden":0,"_bbp_reply_count_hidden":0,"_bbp_forum_subforum_count":0,"footnotes":""},"class_list":["post-6830","page","type-page","status-publish","hentry"],"_links":{"self":[{"href":"https:\/\/nguyenhuetdnb.edu.vn\/index.php\/wp-json\/wp\/v2\/pages\/6830","targetHints":{"allow":["GET"]}}],"collection":[{"href":"https:\/\/nguyenhuetdnb.edu.vn\/index.php\/wp-json\/wp\/v2\/pages"}],"about":[{"href":"https:\/\/nguyenhuetdnb.edu.vn\/index.php\/wp-json\/wp\/v2\/types\/page"}],"author":[{"embeddable":true,"href":"https:\/\/nguyenhuetdnb.edu.vn\/index.php\/wp-json\/wp\/v2\/users\/2"}],"replies":[{"embeddable":true,"href":"https:\/\/nguyenhuetdnb.edu.vn\/index.php\/wp-json\/wp\/v2\/comments?post=6830"}],"version-history":[{"count":0,"href":"https:\/\/nguyenhuetdnb.edu.vn\/index.php\/wp-json\/wp\/v2\/pages\/6830\/revisions"}],"wp:attachment":[{"href":"https:\/\/nguyenhuetdnb.edu.vn\/index.php\/wp-json\/wp\/v2\/media?parent=6830"}],"curies":[{"name":"wp","href":"https:\/\/api.w.org\/{rel}","templated":true}]}}