{"id":6842,"date":"2020-02-01T03:06:22","date_gmt":"2020-02-01T03:06:22","guid":{"rendered":"http:\/\/itacademy.vn\/demo\/demo2\/?page_id=6842"},"modified":"2020-02-20T02:17:17","modified_gmt":"2020-02-20T02:17:17","slug":"ban-chap-hanh-doan-thuong-truc","status":"publish","type":"page","link":"https:\/\/nguyenhuetdnb.edu.vn\/index.php\/ban-chap-hanh-doan-thuong-truc\/","title":{"rendered":"Ban ch\u1ea5p h\u00e0nh \u0111o\u00e0n th\u01b0\u1eddng tr\u1ef1c"},"content":{"rendered":"<div id=\"pl-6842\"  class=\"panel-layout\" ><div id=\"pg-6842-0\"  class=\"panel-grid panel-no-style\" ><div id=\"pgc-6842-0-0\"  class=\"panel-grid-cell\" ><div id=\"panel-6842-0-0-0\" class=\"so-panel widget widget_our-team panel-first-child panel-last-child\" data-index=\"0\" ><div class=\"thim-widget-our-team thim-widget-our-team-base template-base\"><div class=\"wrapper-lists-our-team \"><div class=\"row\"><div class=\"our-team-item col-sm-3\"><div class=\"our-team-image\"> <a class=\"link-img\" href=\"https:\/\/nguyenhuetdnb.edu.vn\/index.php\/our_team\/thay-pham-trung-kien\/\"><\/a><img loading=\"lazy\" decoding=\"async\" src=\"https:\/\/nguyenhuetdnb.edu.vn\/wp-content\/uploads\/2024\/01\/z5122424828516_c975cb7650b1f3bbf30d3acb74fd8936-1-200x200.jpg\" alt=\"z5122424828516_c975cb7650b1f3bbf30d3acb74fd8936 (1)\" title=\"z5122424828516_c975cb7650b1f3bbf30d3acb74fd8936 (1)\"  width=\"200\" height=\"200\"><div class=\"social-team\"><\/div><\/div><div class=\"content-team\"><h4 class=\"title\">Th\u1ea7y Ph\u1ea1m Trung Ki\u00ean<\/h4><div class = \"regency\">Gi\u00e1o vi\u00ean, b\u00ed th\u01b0 \u0111o\u00e0n tr\u01b0\u1eddng<\/div><\/div><\/div><div class=\"our-team-item col-sm-3\"><div class=\"our-team-image\"> <a class=\"link-img\" href=\"https:\/\/nguyenhuetdnb.edu.vn\/index.php\/our_team\/vu-thi-hong-van\/\"><\/a><img loading=\"lazy\" decoding=\"async\" src=\"https:\/\/nguyenhuetdnb.edu.vn\/wp-content\/uploads\/2020\/02\/C\u00f4-V\u0169-Th\u1ecb-H\u1ed3ng-V\u00e2n-GV-Ngo\u1ea1i-Ng\u1eef-scaled-200x200.jpg\" alt=\"C\u00f4 V\u0169 Th\u1ecb H\u1ed3ng V\u00e2n GV Ngo\u1ea1i Ng\u1eef\" title=\"C\u00f4 V\u0169 Th\u1ecb H\u1ed3ng V\u00e2n GV Ngo\u1ea1i Ng\u1eef\"  width=\"200\" height=\"200\"><div class=\"social-team\"><\/div><\/div><div class=\"content-team\"><h4 class=\"title\">C\u00f4 V\u0169 Th\u1ecb H\u1ed3ng V\u00e2n<\/h4><div class = \"regency\">Gi\u00e1o vi\u00ean, ph\u00f3 b\u00ed th\u01b0 \u0111o\u00e0n tr\u01b0\u1eddng<\/div><\/div><\/div><\/div><\/div><\/div><\/div><\/div><\/div><\/div>","protected":false},"excerpt":{"rendered":"","protected":false},"author":2,"featured_media":0,"parent":0,"menu_order":0,"comment_status":"closed","ping_status":"closed","template":"","meta":{"_bbp_topic_count":0,"_bbp_reply_count":0,"_bbp_total_topic_count":0,"_bbp_total_reply_count":0,"_bbp_voice_count":0,"_bbp_anonymous_reply_count":0,"_bbp_topic_count_hidden":0,"_bbp_reply_count_hidden":0,"_bbp_forum_subforum_count":0,"footnotes":""},"class_list":["post-6842","page","type-page","status-publish","hentry"],"_links":{"self":[{"href":"https:\/\/nguyenhuetdnb.edu.vn\/index.php\/wp-json\/wp\/v2\/pages\/6842","targetHints":{"allow":["GET"]}}],"collection":[{"href":"https:\/\/nguyenhuetdnb.edu.vn\/index.php\/wp-json\/wp\/v2\/pages"}],"about":[{"href":"https:\/\/nguyenhuetdnb.edu.vn\/index.php\/wp-json\/wp\/v2\/types\/page"}],"author":[{"embeddable":true,"href":"https:\/\/nguyenhuetdnb.edu.vn\/index.php\/wp-json\/wp\/v2\/users\/2"}],"replies":[{"embeddable":true,"href":"https:\/\/nguyenhuetdnb.edu.vn\/index.php\/wp-json\/wp\/v2\/comments?post=6842"}],"version-history":[{"count":1,"href":"https:\/\/nguyenhuetdnb.edu.vn\/index.php\/wp-json\/wp\/v2\/pages\/6842\/revisions"}],"predecessor-version":[{"id":8448,"href":"https:\/\/nguyenhuetdnb.edu.vn\/index.php\/wp-json\/wp\/v2\/pages\/6842\/revisions\/8448"}],"wp:attachment":[{"href":"https:\/\/nguyenhuetdnb.edu.vn\/index.php\/wp-json\/wp\/v2\/media?parent=6842"}],"curies":[{"name":"wp","href":"https:\/\/api.w.org\/{rel}","templated":true}]}}