{"id":6850,"date":"2020-02-01T03:10:12","date_gmt":"2020-02-01T03:10:12","guid":{"rendered":"http:\/\/itacademy.vn\/demo\/demo2\/?page_id=6850"},"modified":"2020-02-26T08:21:01","modified_gmt":"2020-02-26T08:21:01","slug":"ban-chap-hanh-cong-doan-thuong-truc","status":"publish","type":"page","link":"https:\/\/nguyenhuetdnb.edu.vn\/index.php\/ban-chap-hanh-cong-doan-thuong-truc\/","title":{"rendered":"Ban ch\u1ea5p h\u00e0nh C\u00f4ng \u0110o\u00e0n th\u01b0\u1eddng tr\u1ef1c"},"content":{"rendered":"<div id=\"pl-6850\"  class=\"panel-layout\" ><div id=\"pg-6850-0\"  class=\"panel-grid panel-no-style\" ><div id=\"pgc-6850-0-0\"  class=\"panel-grid-cell\" ><div id=\"panel-6850-0-0-0\" class=\"so-panel widget widget_our-team panel-first-child panel-last-child\" data-index=\"0\" ><div class=\"thim-widget-our-team thim-widget-our-team-base template-base\"><div class=\"wrapper-lists-our-team \"><div class=\"row\"><div class=\"our-team-item col-sm-3\"><div class=\"our-team-image\"> <a class=\"link-img\" href=\"https:\/\/nguyenhuetdnb.edu.vn\/index.php\/our_team\/vu-van-nguyen\/\"><\/a><img loading=\"lazy\" decoding=\"async\" src=\"https:\/\/nguyenhuetdnb.edu.vn\/wp-content\/uploads\/2020\/02\/dcc759f8c962313c6873-200x200.jpg\" alt=\"dcc759f8c962313c6873\" title=\"dcc759f8c962313c6873\"  width=\"200\" height=\"200\"><div class=\"social-team\"><\/div><\/div><div class=\"content-team\"><h4 class=\"title\">Th\u1ea7y V\u0169 V\u0103n Nguy\u00ean<\/h4><div class = \"regency\">V\u0103n Ph\u00f2ng<\/div><\/div><\/div><div class=\"our-team-item col-sm-3\"><div class=\"our-team-image\"> <a class=\"link-img\" href=\"https:\/\/nguyenhuetdnb.edu.vn\/index.php\/our_team\/nguyen-thi-hien\/\"><\/a><img loading=\"lazy\" decoding=\"async\" src=\"https:\/\/nguyenhuetdnb.edu.vn\/wp-content\/uploads\/2020\/02\/C\u00f4-Nguy\u1ec5n-Th\u1ecb-Hi\u1ec1n-GV-Ngo\u1ea1i-Ng\u1eef-Ch\u1ee7-t\u1ecbch-c\u00f4ng-\u0111o\u00e0n-200x200.jpg\" alt=\"C\u00f4 Nguy\u1ec5n Th\u1ecb Hi\u1ec1n GV Ngo\u1ea1i Ng\u1eef, Ch\u1ee7 t\u1ecbch c\u00f4ng \u0111o\u00e0n\" title=\"C\u00f4 Nguy\u1ec5n Th\u1ecb Hi\u1ec1n GV Ngo\u1ea1i Ng\u1eef, Ch\u1ee7 t\u1ecbch c\u00f4ng \u0111o\u00e0n\"  width=\"200\" height=\"200\"><div class=\"social-team\"><\/div><\/div><div class=\"content-team\"><h4 class=\"title\">C\u00f4 Nguy\u1ec5n Th\u1ecb Hi\u1ec1n<\/h4><div class = \"regency\">Ch\u1ee7 t\u1ecbch c\u00f4ng \u0111o\u00e0n<\/div><\/div><\/div><div class=\"our-team-item col-sm-3\"><div class=\"our-team-image\"> <a class=\"link-img\" href=\"https:\/\/nguyenhuetdnb.edu.vn\/index.php\/our_team\/vu-thi-van\/\"><\/a><img loading=\"lazy\" decoding=\"async\" src=\"https:\/\/nguyenhuetdnb.edu.vn\/wp-content\/uploads\/2020\/02\/C\u00f4-V\u0169-Th\u1ecb-V\u00e2n-GV-V\u1eadt-L\u00fd-scaled-200x200.jpg\" alt=\"C\u00f4 V\u0169 Th\u1ecb V\u00e2n GV V\u1eadt L\u00fd\" title=\"C\u00f4 V\u0169 Th\u1ecb V\u00e2n GV V\u1eadt L\u00fd\"  width=\"200\" height=\"200\"><div class=\"social-team\"><\/div><\/div><div class=\"content-team\"><h4 class=\"title\">C\u00f4 V\u0169 Th\u1ecb V\u00e2n<\/h4><div class = \"regency\">Gi\u00e1o vi\u00ean<\/div><\/div><\/div><div class=\"our-team-item col-sm-3\"><div class=\"our-team-image\"> <a class=\"link-img\" href=\"https:\/\/nguyenhuetdnb.edu.vn\/index.php\/our_team\/truong-kim-oanh\/\"><\/a><img loading=\"lazy\" decoding=\"async\" src=\"https:\/\/nguyenhuetdnb.edu.vn\/wp-content\/uploads\/2020\/02\/C\u00f4-Tr\u01b0\u01a1ng-Kim-Oanh-gv-Sinh.jpg\" alt=\"C\u00f4 Tr\u01b0\u01a1ng Kim Oanh gv Sinh\" title=\"C\u00f4 Tr\u01b0\u01a1ng Kim Oanh gv Sinh\"  width=\"200\" height=\"200\"><div class=\"social-team\"><\/div><\/div><div class=\"content-team\"><h4 class=\"title\">C\u00f4 Tr\u01b0\u01a1ng Kim Oanh<\/h4><div class = \"regency\">PCT C\u00f4ng \u0111o\u00e0n<\/div><\/div><\/div><\/div><\/div><\/div><\/div><\/div><\/div><\/div>","protected":false},"excerpt":{"rendered":"","protected":false},"author":2,"featured_media":0,"parent":0,"menu_order":0,"comment_status":"closed","ping_status":"closed","template":"","meta":{"_bbp_topic_count":0,"_bbp_reply_count":0,"_bbp_total_topic_count":0,"_bbp_total_reply_count":0,"_bbp_voice_count":0,"_bbp_anonymous_reply_count":0,"_bbp_topic_count_hidden":0,"_bbp_reply_count_hidden":0,"_bbp_forum_subforum_count":0,"footnotes":""},"class_list":["post-6850","page","type-page","status-publish","hentry"],"_links":{"self":[{"href":"https:\/\/nguyenhuetdnb.edu.vn\/index.php\/wp-json\/wp\/v2\/pages\/6850","targetHints":{"allow":["GET"]}}],"collection":[{"href":"https:\/\/nguyenhuetdnb.edu.vn\/index.php\/wp-json\/wp\/v2\/pages"}],"about":[{"href":"https:\/\/nguyenhuetdnb.edu.vn\/index.php\/wp-json\/wp\/v2\/types\/page"}],"author":[{"embeddable":true,"href":"https:\/\/nguyenhuetdnb.edu.vn\/index.php\/wp-json\/wp\/v2\/users\/2"}],"replies":[{"embeddable":true,"href":"https:\/\/nguyenhuetdnb.edu.vn\/index.php\/wp-json\/wp\/v2\/comments?post=6850"}],"version-history":[{"count":0,"href":"https:\/\/nguyenhuetdnb.edu.vn\/index.php\/wp-json\/wp\/v2\/pages\/6850\/revisions"}],"wp:attachment":[{"href":"https:\/\/nguyenhuetdnb.edu.vn\/index.php\/wp-json\/wp\/v2\/media?parent=6850"}],"curies":[{"name":"wp","href":"https:\/\/api.w.org\/{rel}","templated":true}]}}