{"id":6859,"date":"2020-02-01T03:12:38","date_gmt":"2020-02-01T03:12:38","guid":{"rendered":"http:\/\/itacademy.vn\/demo\/demo2\/?page_id=6859"},"modified":"2020-02-10T10:36:18","modified_gmt":"2020-02-10T10:36:18","slug":"giao-vien-toan-hoc","status":"publish","type":"page","link":"https:\/\/nguyenhuetdnb.edu.vn\/index.php\/giao-vien-toan-hoc\/","title":{"rendered":"Gi\u00e1o vi\u00ean (To\u00e1n h\u1ecdc)"},"content":{"rendered":"<div id=\"pl-6859\"  class=\"panel-layout\" ><div id=\"pg-6859-0\"  class=\"panel-grid panel-no-style\" ><div id=\"pgc-6859-0-0\"  class=\"panel-grid-cell\" ><div id=\"panel-6859-0-0-0\" class=\"so-panel widget widget_our-team panel-first-child panel-last-child\" data-index=\"0\" ><div class=\"thim-widget-our-team thim-widget-our-team-base template-base\"><div class=\"wrapper-lists-our-team  wpb_animate_when_almost_visible wpb_left-to-right\"><div class=\"row\"><div class=\"our-team-item col-sm-3\"><div class=\"our-team-image\"> <a class=\"link-img\" href=\"https:\/\/nguyenhuetdnb.edu.vn\/index.php\/our_team\/pham-thi-bich-nguyet\/\"><\/a><img loading=\"lazy\" decoding=\"async\" src=\"https:\/\/nguyenhuetdnb.edu.vn\/wp-content\/uploads\/2020\/02\/C\u00f4-Ph\u1ea1m-Th\u1ecb-B\u00edch-Nguy\u1ec7t-GV-To\u00e1n-scaled-200x200.jpg\" alt=\"C\u00f4 Ph\u1ea1m Th\u1ecb B\u00edch Nguy\u1ec7t GV To\u00e1n\" title=\"C\u00f4 Ph\u1ea1m Th\u1ecb B\u00edch Nguy\u1ec7t GV To\u00e1n\"  width=\"200\" height=\"200\"><div class=\"social-team\"><\/div><\/div><div class=\"content-team\"><h4 class=\"title\"><a href=\"https:\/\/nguyenhuetdnb.edu.vn\/index.php\/our_team\/pham-thi-bich-nguyet\/\">C\u00f4 Ph\u1ea1m Th\u1ecb B\u00edch Nguy\u1ec7t<\/a><\/h4><div class = \"regency\">Gi\u00e1o vi\u00ean<\/div><\/div><\/div><div class=\"our-team-item col-sm-3\"><div class=\"our-team-image\"> <a class=\"link-img\" href=\"https:\/\/nguyenhuetdnb.edu.vn\/index.php\/our_team\/do-thi-thuy\/\"><\/a><img loading=\"lazy\" decoding=\"async\" src=\"https:\/\/nguyenhuetdnb.edu.vn\/wp-content\/uploads\/2020\/02\/C\u00f4-\u0110\u1ed7-Th\u1ecb-Th\u1ee7y-GV-To\u00e1n-scaled-200x200.jpg\" alt=\"C\u00f4 \u0110\u1ed7 Th\u1ecb Th\u1ee7y GV To\u00e1n\" title=\"C\u00f4 \u0110\u1ed7 Th\u1ecb Th\u1ee7y GV To\u00e1n\"  width=\"200\" height=\"200\"><div class=\"social-team\"><\/div><\/div><div class=\"content-team\"><h4 class=\"title\"><a href=\"https:\/\/nguyenhuetdnb.edu.vn\/index.php\/our_team\/do-thi-thuy\/\">C\u00f4 \u0110\u1ed7 Th\u1ecb Th\u1ee7y<\/a><\/h4><div class = \"regency\">Gi\u00e1o vi\u00ean<\/div><\/div><\/div><div class=\"our-team-item col-sm-3\"><div class=\"our-team-image\"> <a class=\"link-img\" href=\"https:\/\/nguyenhuetdnb.edu.vn\/index.php\/our_team\/do-duc-diep\/\"><\/a><img loading=\"lazy\" decoding=\"async\" src=\"https:\/\/nguyenhuetdnb.edu.vn\/wp-content\/uploads\/2020\/02\/Th\u1ea7y-\u0110\u1ed7-\u0110\u1ee9c-\u0110i\u1ec7p-GV-To\u00e1n-scaled-200x200.jpg\" alt=\"Th\u1ea7y \u0110\u1ed7 \u0110\u1ee9c \u0110i\u1ec7p GV To\u00e1n\" title=\"Th\u1ea7y \u0110\u1ed7 \u0110\u1ee9c \u0110i\u1ec7p GV To\u00e1n\"  width=\"200\" height=\"200\"><div class=\"social-team\"><\/div><\/div><div class=\"content-team\"><h4 class=\"title\"><a href=\"https:\/\/nguyenhuetdnb.edu.vn\/index.php\/our_team\/do-duc-diep\/\">Th\u1ea7y \u0110\u1ed7 \u0110\u1ee9c \u0110i\u1ec7p<\/a><\/h4><div class = \"regency\">Gi\u00e1o vi\u00ean<\/div><\/div><\/div><div class=\"our-team-item col-sm-3\"><div class=\"our-team-image\"> <a class=\"link-img\" href=\"https:\/\/nguyenhuetdnb.edu.vn\/index.php\/our_team\/pham-cong-binh\/\"><\/a><img loading=\"lazy\" decoding=\"async\" src=\"https:\/\/nguyenhuetdnb.edu.vn\/wp-content\/uploads\/2020\/02\/Th\u1ea7y-Ph\u1ea1m-C\u00f4ng-Binh-GV-To\u00e1n-scaled-200x200.jpg\" alt=\"Th\u1ea7y Ph\u1ea1m C\u00f4ng Binh GV To\u00e1n\" title=\"Th\u1ea7y Ph\u1ea1m C\u00f4ng Binh GV To\u00e1n\"  width=\"200\" height=\"200\"><div class=\"social-team\"><\/div><\/div><div class=\"content-team\"><h4 class=\"title\"><a href=\"https:\/\/nguyenhuetdnb.edu.vn\/index.php\/our_team\/pham-cong-binh\/\">Th\u1ea7y Ph\u1ea1m C\u00f4ng Binh<\/a><\/h4><div class = \"regency\">Gi\u00e1o vi\u00ean<\/div><\/div><\/div><div class=\"our-team-item col-sm-3\"><div class=\"our-team-image\"> <a class=\"link-img\" href=\"https:\/\/nguyenhuetdnb.edu.vn\/index.php\/our_team\/vu-thi-thom\/\"><\/a><img loading=\"lazy\" decoding=\"async\" src=\"https:\/\/nguyenhuetdnb.edu.vn\/wp-content\/uploads\/2020\/02\/C\u00f4-V\u0169-Th\u1ecb-Th\u01a1m-GV-To\u00e1n-scaled-200x200.jpg\" alt=\"C\u00f4 V\u0169 Th\u1ecb Th\u01a1m GV To\u00e1n\" title=\"C\u00f4 V\u0169 Th\u1ecb Th\u01a1m GV To\u00e1n\"  width=\"200\" height=\"200\"><div class=\"social-team\"><\/div><\/div><div class=\"content-team\"><h4 class=\"title\"><a href=\"https:\/\/nguyenhuetdnb.edu.vn\/index.php\/our_team\/vu-thi-thom\/\">C\u00f4 V\u0169 Th\u1ecb Th\u01a1m<\/a><\/h4><div class = \"regency\">Gi\u00e1o vi\u00ean<\/div><\/div><\/div><div class=\"our-team-item col-sm-3\"><div class=\"our-team-image\"> <a class=\"link-img\" href=\"https:\/\/nguyenhuetdnb.edu.vn\/index.php\/our_team\/tran-thi-hung\/\"><\/a><img loading=\"lazy\" decoding=\"async\" src=\"https:\/\/nguyenhuetdnb.edu.vn\/wp-content\/uploads\/2020\/02\/C\u00f4-Tr\u1ea7n-Th\u1ecb-H\u01b0ng-GV-To\u00e1n-scaled-200x200.jpg\" alt=\"C\u00f4 Tr\u1ea7n Th\u1ecb H\u01b0ng GV To\u00e1n\" title=\"C\u00f4 Tr\u1ea7n Th\u1ecb H\u01b0ng GV To\u00e1n\"  width=\"200\" height=\"200\"><div class=\"social-team\"><\/div><\/div><div class=\"content-team\"><h4 class=\"title\"><a href=\"https:\/\/nguyenhuetdnb.edu.vn\/index.php\/our_team\/tran-thi-hung\/\">C\u00f4 Tr\u1ea7n Th\u1ecb H\u01b0ng<\/a><\/h4><div class = \"regency\">Gi\u00e1o vi\u00ean<\/div><\/div><\/div><div class=\"our-team-item col-sm-3\"><div class=\"our-team-image\"> <a class=\"link-img\" href=\"https:\/\/nguyenhuetdnb.edu.vn\/index.php\/our_team\/le-thi-mai\/\"><\/a><img loading=\"lazy\" decoding=\"async\" src=\"https:\/\/nguyenhuetdnb.edu.vn\/wp-content\/uploads\/2020\/02\/C\u00f4-L\u00ea-Th\u1ecb-Mai-GV-To\u00e1n-scaled-200x200.jpg\" alt=\"C\u00f4 L\u00ea Th\u1ecb Mai GV To\u00e1n\" title=\"C\u00f4 L\u00ea Th\u1ecb Mai GV To\u00e1n\"  width=\"200\" height=\"200\"><div class=\"social-team\"><\/div><\/div><div class=\"content-team\"><h4 class=\"title\"><a href=\"https:\/\/nguyenhuetdnb.edu.vn\/index.php\/our_team\/le-thi-mai\/\">C\u00f4 L\u00ea Th\u1ecb Mai<\/a><\/h4><div class = \"regency\">Gi\u00e1o vi\u00ean<\/div><\/div><\/div><div class=\"our-team-item col-sm-3\"><div class=\"our-team-image\"> <a class=\"link-img\" href=\"https:\/\/nguyenhuetdnb.edu.vn\/index.php\/our_team\/do-thi-phuong\/\"><\/a><img loading=\"lazy\" decoding=\"async\" src=\"https:\/\/nguyenhuetdnb.edu.vn\/wp-content\/uploads\/2020\/02\/C\u00f4-\u0110\u1ed7-Th\u1ecb-Ph\u01b0\u01a1n-GV-To\u00e1n-scaled-200x200.jpg\" alt=\"C\u00f4 \u0110\u1ed7 Th\u1ecb Ph\u01b0\u01a1n GV To\u00e1n\" title=\"C\u00f4 \u0110\u1ed7 Th\u1ecb Ph\u01b0\u01a1n GV To\u00e1n\"  width=\"200\" height=\"200\"><div class=\"social-team\"><\/div><\/div><div class=\"content-team\"><h4 class=\"title\"><a href=\"https:\/\/nguyenhuetdnb.edu.vn\/index.php\/our_team\/do-thi-phuong\/\">C\u00f4 \u0110\u1ed7 Th\u1ecb Ph\u01b0\u01a1ng<\/a><\/h4><div class = \"regency\">Gi\u00e1o vi\u00ean<\/div><\/div><\/div><\/div><\/div><\/div><\/div><\/div><\/div><\/div>","protected":false},"excerpt":{"rendered":"","protected":false},"author":2,"featured_media":0,"parent":0,"menu_order":0,"comment_status":"closed","ping_status":"closed","template":"","meta":{"_bbp_topic_count":0,"_bbp_reply_count":0,"_bbp_total_topic_count":0,"_bbp_total_reply_count":0,"_bbp_voice_count":0,"_bbp_anonymous_reply_count":0,"_bbp_topic_count_hidden":0,"_bbp_reply_count_hidden":0,"_bbp_forum_subforum_count":0,"footnotes":""},"class_list":["post-6859","page","type-page","status-publish","hentry"],"_links":{"self":[{"href":"https:\/\/nguyenhuetdnb.edu.vn\/index.php\/wp-json\/wp\/v2\/pages\/6859","targetHints":{"allow":["GET"]}}],"collection":[{"href":"https:\/\/nguyenhuetdnb.edu.vn\/index.php\/wp-json\/wp\/v2\/pages"}],"about":[{"href":"https:\/\/nguyenhuetdnb.edu.vn\/index.php\/wp-json\/wp\/v2\/types\/page"}],"author":[{"embeddable":true,"href":"https:\/\/nguyenhuetdnb.edu.vn\/index.php\/wp-json\/wp\/v2\/users\/2"}],"replies":[{"embeddable":true,"href":"https:\/\/nguyenhuetdnb.edu.vn\/index.php\/wp-json\/wp\/v2\/comments?post=6859"}],"version-history":[{"count":0,"href":"https:\/\/nguyenhuetdnb.edu.vn\/index.php\/wp-json\/wp\/v2\/pages\/6859\/revisions"}],"wp:attachment":[{"href":"https:\/\/nguyenhuetdnb.edu.vn\/index.php\/wp-json\/wp\/v2\/media?parent=6859"}],"curies":[{"name":"wp","href":"https:\/\/api.w.org\/{rel}","templated":true}]}}