{"id":6874,"date":"2020-02-01T05:02:18","date_gmt":"2020-02-01T05:02:18","guid":{"rendered":"http:\/\/itacademy.vn\/demo\/demo2\/?page_id=6874"},"modified":"2020-02-21T16:03:32","modified_gmt":"2020-02-21T16:03:32","slug":"giao-vien-vat-ly","status":"publish","type":"page","link":"https:\/\/nguyenhuetdnb.edu.vn\/index.php\/giao-vien-vat-ly\/","title":{"rendered":"Gi\u00e1o vi\u00ean (V\u1eadt l\u00fd)"},"content":{"rendered":"<div id=\"pl-6874\"  class=\"panel-layout\" ><div id=\"pg-6874-0\"  class=\"panel-grid panel-no-style\" ><div id=\"pgc-6874-0-0\"  class=\"panel-grid-cell\" ><div id=\"panel-6874-0-0-0\" class=\"so-panel widget widget_our-team panel-first-child panel-last-child\" data-index=\"0\" ><div class=\"thim-widget-our-team thim-widget-our-team-base template-base\"><div class=\"wrapper-lists-our-team  wpb_animate_when_almost_visible wpb_left-to-right\"><a class=\"join-our-team\" href=\"https:\/\/nguyenhuetdnb.edu.vn\/index.php\/2020\/02\/21\/thong-tin-ca-nhan-nhom-vat-ly\/\" title=\"Th\u00f4ng tin\">Th\u00f4ng tin<\/a><div class=\"row\"><div class=\"our-team-item col-sm-3\"><div class=\"our-team-image\"> <a class=\"link-img\" href=\"https:\/\/nguyenhuetdnb.edu.vn\/index.php\/our_team\/ngo-thi-thanh-lien\/\"><\/a><img loading=\"lazy\" decoding=\"async\" src=\"https:\/\/nguyenhuetdnb.edu.vn\/wp-content\/uploads\/2020\/02\/C\u00f4-Ng\u00f4-Thanh-Li\u00ean-GV-V\u00e2t-L\u00fd-scaled.jpg\" alt=\"C\u00f4 Ng\u00f4 Thanh Li\u00ean GV V\u00e2t L\u00fd\" title=\"C\u00f4 Ng\u00f4 Thanh Li\u00ean GV V\u00e2t L\u00fd\"  width=\"200\" height=\"200\"><div class=\"social-team\"><\/div><\/div><div class=\"content-team\"><h4 class=\"title\"><a href=\"https:\/\/nguyenhuetdnb.edu.vn\/index.php\/our_team\/ngo-thi-thanh-lien\/\">C\u00f4 Ng\u00f4 Th\u1ecb Thanh Li\u00ean<\/a><\/h4><div class = \"regency\">Gi\u00e1o vi\u00ean<\/div><\/div><\/div><div class=\"our-team-item col-sm-3\"><div class=\"our-team-image\"> <a class=\"link-img\" href=\"https:\/\/nguyenhuetdnb.edu.vn\/index.php\/our_team\/bui-trung-thang\/\"><\/a><img loading=\"lazy\" decoding=\"async\" src=\"https:\/\/nguyenhuetdnb.edu.vn\/wp-content\/uploads\/2020\/02\/Th\u1ea7y-B\u00f9i-Trung-Th\u0103ng-GV-V\u1eadt-L\u00fd-scaled-200x200.jpg\" alt=\"Th\u1ea7y B\u00f9i Trung Th\u0103ng GV V\u1eadt L\u00fd\" title=\"Th\u1ea7y B\u00f9i Trung Th\u0103ng GV V\u1eadt L\u00fd\"  width=\"200\" height=\"200\"><div class=\"social-team\"><\/div><\/div><div class=\"content-team\"><h4 class=\"title\"><a href=\"https:\/\/nguyenhuetdnb.edu.vn\/index.php\/our_team\/bui-trung-thang\/\">Th\u1ea7y B\u00f9i Trung Th\u0103ng<\/a><\/h4><div class = \"regency\">Gi\u00e1o vi\u00ean<\/div><\/div><\/div><div class=\"our-team-item col-sm-3\"><div class=\"our-team-image\"> <a class=\"link-img\" href=\"https:\/\/nguyenhuetdnb.edu.vn\/index.php\/our_team\/tran-thi-kim-sang\/\"><\/a><img loading=\"lazy\" decoding=\"async\" src=\"https:\/\/nguyenhuetdnb.edu.vn\/wp-content\/uploads\/2020\/02\/C\u00f4-Tr\u1ea7n-Kim-Sang-GV-m\u00f4n-V\u1eadt-L\u00fd-200x200.jpg\" alt=\"C\u00f4 Tr\u1ea7n Kim Sang GV m\u00f4n V\u1eadt L\u00fd\" title=\"C\u00f4 Tr\u1ea7n Kim Sang GV m\u00f4n V\u1eadt L\u00fd\"  width=\"200\" height=\"200\"><div class=\"social-team\"><\/div><\/div><div class=\"content-team\"><h4 class=\"title\"><a href=\"https:\/\/nguyenhuetdnb.edu.vn\/index.php\/our_team\/tran-thi-kim-sang\/\">C\u00f4 Tr\u1ea7n Th\u1ecb Kim Sang<\/a><\/h4><div class = \"regency\">Gi\u00e1o vi\u00ean<\/div><\/div><\/div><div class=\"our-team-item col-sm-3\"><div class=\"our-team-image\"> <a class=\"link-img\" href=\"https:\/\/nguyenhuetdnb.edu.vn\/index.php\/our_team\/nguyen-thi-hue-2\/\"><\/a><img loading=\"lazy\" decoding=\"async\" src=\"https:\/\/nguyenhuetdnb.edu.vn\/wp-content\/uploads\/2020\/02\/C\u00f4-Nguy\u1ec5n-Th\u1ecb-Hu\u1ec7-GV-V\u1eadt-L\u00fd1-200x200.jpg\" alt=\"C\u00f4 Nguy\u1ec5n Th\u1ecb Hu\u1ec7 GV V\u1eadt L\u00fd1\" title=\"C\u00f4 Nguy\u1ec5n Th\u1ecb Hu\u1ec7 GV V\u1eadt L\u00fd1\"  width=\"200\" height=\"200\"><div class=\"social-team\"><\/div><\/div><div class=\"content-team\"><h4 class=\"title\"><a href=\"https:\/\/nguyenhuetdnb.edu.vn\/index.php\/our_team\/nguyen-thi-hue-2\/\">C\u00f4 NGUY\u1ec4N TH\u1eca HU\u1ec6<\/a><\/h4><div class = \"regency\">Gi\u00e1o vi\u00ean<\/div><\/div><\/div><div class=\"our-team-item col-sm-3\"><div class=\"our-team-image\"> <a class=\"link-img\" href=\"https:\/\/nguyenhuetdnb.edu.vn\/index.php\/our_team\/vu-thi-van\/\"><\/a><img loading=\"lazy\" decoding=\"async\" src=\"https:\/\/nguyenhuetdnb.edu.vn\/wp-content\/uploads\/2020\/02\/C\u00f4-V\u0169-Th\u1ecb-V\u00e2n-GV-V\u1eadt-L\u00fd-scaled-200x200.jpg\" alt=\"C\u00f4 V\u0169 Th\u1ecb V\u00e2n GV V\u1eadt L\u00fd\" title=\"C\u00f4 V\u0169 Th\u1ecb V\u00e2n GV V\u1eadt L\u00fd\"  width=\"200\" height=\"200\"><div class=\"social-team\"><\/div><\/div><div class=\"content-team\"><h4 class=\"title\"><a href=\"https:\/\/nguyenhuetdnb.edu.vn\/index.php\/our_team\/vu-thi-van\/\">C\u00f4 V\u0169 Th\u1ecb V\u00e2n<\/a><\/h4><div class = \"regency\">Gi\u00e1o vi\u00ean<\/div><\/div><\/div><div class=\"our-team-item col-sm-3\"><div class=\"our-team-image\"> <a class=\"link-img\" href=\"https:\/\/nguyenhuetdnb.edu.vn\/index.php\/our_team\/pham-thi-lan\/\"><\/a><img loading=\"lazy\" decoding=\"async\" src=\"https:\/\/nguyenhuetdnb.edu.vn\/wp-content\/uploads\/2020\/02\/C\u00f4-Ph\u1ea1m-Th\u1ecb-Lan-GV-V\u1eadt-L\u00fd-200x200.jpg\" alt=\"C\u00f4 Ph\u1ea1m Th\u1ecb Lan GV V\u1eadt L\u00fd\" title=\"C\u00f4 Ph\u1ea1m Th\u1ecb Lan GV V\u1eadt L\u00fd\"  width=\"200\" height=\"200\"><div class=\"social-team\"><\/div><\/div><div class=\"content-team\"><h4 class=\"title\"><a href=\"https:\/\/nguyenhuetdnb.edu.vn\/index.php\/our_team\/pham-thi-lan\/\">C\u00f4 Ph\u1ea1m Th\u1ecb Lan<\/a><\/h4><div class = \"regency\">Nh\u00f3m tr\u01b0\u1edfng nh\u00f3m L\u00fd<\/div><\/div><\/div><\/div><\/div><\/div><\/div><\/div><\/div><\/div>","protected":false},"excerpt":{"rendered":"","protected":false},"author":2,"featured_media":0,"parent":0,"menu_order":0,"comment_status":"closed","ping_status":"closed","template":"","meta":{"_bbp_topic_count":0,"_bbp_reply_count":0,"_bbp_total_topic_count":0,"_bbp_total_reply_count":0,"_bbp_voice_count":0,"_bbp_anonymous_reply_count":0,"_bbp_topic_count_hidden":0,"_bbp_reply_count_hidden":0,"_bbp_forum_subforum_count":0,"footnotes":""},"class_list":["post-6874","page","type-page","status-publish","hentry"],"_links":{"self":[{"href":"https:\/\/nguyenhuetdnb.edu.vn\/index.php\/wp-json\/wp\/v2\/pages\/6874","targetHints":{"allow":["GET"]}}],"collection":[{"href":"https:\/\/nguyenhuetdnb.edu.vn\/index.php\/wp-json\/wp\/v2\/pages"}],"about":[{"href":"https:\/\/nguyenhuetdnb.edu.vn\/index.php\/wp-json\/wp\/v2\/types\/page"}],"author":[{"embeddable":true,"href":"https:\/\/nguyenhuetdnb.edu.vn\/index.php\/wp-json\/wp\/v2\/users\/2"}],"replies":[{"embeddable":true,"href":"https:\/\/nguyenhuetdnb.edu.vn\/index.php\/wp-json\/wp\/v2\/comments?post=6874"}],"version-history":[{"count":1,"href":"https:\/\/nguyenhuetdnb.edu.vn\/index.php\/wp-json\/wp\/v2\/pages\/6874\/revisions"}],"predecessor-version":[{"id":8450,"href":"https:\/\/nguyenhuetdnb.edu.vn\/index.php\/wp-json\/wp\/v2\/pages\/6874\/revisions\/8450"}],"wp:attachment":[{"href":"https:\/\/nguyenhuetdnb.edu.vn\/index.php\/wp-json\/wp\/v2\/media?parent=6874"}],"curies":[{"name":"wp","href":"https:\/\/api.w.org\/{rel}","templated":true}]}}