{"id":7135,"date":"2020-02-11T12:56:53","date_gmt":"2020-02-11T12:56:53","guid":{"rendered":"https:\/\/nguyenhuetdnb.website\/?page_id=7135"},"modified":"2020-02-21T15:57:27","modified_gmt":"2020-02-21T15:57:27","slug":"giao-vien-sinh-hoc","status":"publish","type":"page","link":"https:\/\/nguyenhuetdnb.edu.vn\/index.php\/giao-vien-sinh-hoc\/","title":{"rendered":"Gi\u00e1o vi\u00ean (Sinh h\u1ecdc)"},"content":{"rendered":"<div id=\"pl-7135\"  class=\"panel-layout\" ><div id=\"pg-7135-0\"  class=\"panel-grid panel-no-style\" ><div id=\"pgc-7135-0-0\"  class=\"panel-grid-cell\" ><div id=\"panel-7135-0-0-0\" class=\"so-panel widget widget_our-team panel-first-child panel-last-child\" data-index=\"0\" ><div class=\"thim-widget-our-team thim-widget-our-team-base template-base\"><div class=\"wrapper-lists-our-team \"><a class=\"join-our-team\" href=\"https:\/\/nguyenhuetdnb.edu.vn\/index.php\/2020\/02\/21\/thong-tin-ca-nhan-nhom\/\" title=\"Th\u00f4ng tin\">Th\u00f4ng tin<\/a><div class=\"row\"><div class=\"our-team-item col-sm-3\"><div class=\"our-team-image\"> <a class=\"link-img\" href=\"https:\/\/nguyenhuetdnb.edu.vn\/index.php\/our_team\/truong-kim-oanh\/\"><\/a><img loading=\"lazy\" decoding=\"async\" src=\"https:\/\/nguyenhuetdnb.edu.vn\/wp-content\/uploads\/2020\/02\/C\u00f4-Tr\u01b0\u01a1ng-Kim-Oanh-gv-Sinh.jpg\" alt=\"C\u00f4 Tr\u01b0\u01a1ng Kim Oanh gv Sinh\" title=\"C\u00f4 Tr\u01b0\u01a1ng Kim Oanh gv Sinh\"  width=\"200\" height=\"200\"><div class=\"social-team\"><\/div><\/div><div class=\"content-team\"><h4 class=\"title\">C\u00f4 Tr\u01b0\u01a1ng Kim Oanh<\/h4><div class = \"regency\">PCT C\u00f4ng \u0111o\u00e0n<\/div><\/div><\/div><div class=\"our-team-item col-sm-3\"><div class=\"our-team-image\"> <a class=\"link-img\" href=\"https:\/\/nguyenhuetdnb.edu.vn\/index.php\/our_team\/nguyen-huong-giang\/\"><\/a><img loading=\"lazy\" decoding=\"async\" src=\"https:\/\/nguyenhuetdnb.edu.vn\/wp-content\/uploads\/2020\/02\/C\u00f4-Nguy\u1ec5n-H\u01b0\u01a1ng-Giang-GV-Sinh-200x200.png\" alt=\"C\u00f4 Nguy\u1ec5n H\u01b0\u01a1ng Giang GV Sinh\" title=\"C\u00f4 Nguy\u1ec5n H\u01b0\u01a1ng Giang GV Sinh\"  width=\"200\" height=\"200\"><div class=\"social-team\"><\/div><\/div><div class=\"content-team\"><h4 class=\"title\">C\u00f4 Nguy\u1ec5n H\u01b0\u01a1ng Giang<\/h4><div class = \"regency\">Gi\u00e1o vi\u00ean<\/div><\/div><\/div><div class=\"our-team-item col-sm-3\"><div class=\"our-team-image\"> <a class=\"link-img\" href=\"https:\/\/nguyenhuetdnb.edu.vn\/index.php\/our_team\/dinh-quynh-mai\/\"><\/a><img loading=\"lazy\" decoding=\"async\" src=\"https:\/\/nguyenhuetdnb.edu.vn\/wp-content\/uploads\/2020\/02\/C\u00f4-\u0110inh-Qu\u1ef3nh-Mai-GV-Sinh-200x200.jpg\" alt=\"C\u00f4 \u0110inh Qu\u1ef3nh Mai GV Sinh\" title=\"C\u00f4 \u0110inh Qu\u1ef3nh Mai GV Sinh\"  width=\"200\" height=\"200\"><div class=\"social-team\"><\/div><\/div><div class=\"content-team\"><h4 class=\"title\">C\u00f4 \u0110inh Qu\u1ef3nh Mai<\/h4><div class = \"regency\">Gi\u00e1o vi\u00ean<\/div><\/div><\/div><div class=\"our-team-item col-sm-3\"><div class=\"our-team-image\"> <a class=\"link-img\" href=\"https:\/\/nguyenhuetdnb.edu.vn\/index.php\/our_team\/nguyen-thi-hue\/\"><\/a><img loading=\"lazy\" decoding=\"async\" src=\"https:\/\/nguyenhuetdnb.edu.vn\/wp-content\/uploads\/2020\/02\/C\u00f4-Nguy\u1ec5n-Th\u1ecb-Hu\u1ebf-GV-Sinh-200x200.jpg\" alt=\"C\u00f4 Nguy\u1ec5n Th\u1ecb Hu\u1ebf GV Sinh\" title=\"C\u00f4 Nguy\u1ec5n Th\u1ecb Hu\u1ebf GV Sinh\"  width=\"200\" height=\"200\"><div class=\"social-team\"><\/div><\/div><div class=\"content-team\"><h4 class=\"title\">C\u00f4 Nguy\u1ec5n Th\u1ecb Hu\u1ebf<\/h4><div class = \"regency\">Gi\u00e1o vi\u00ean<\/div><\/div><\/div><div class=\"our-team-item col-sm-3\"><div class=\"our-team-image\"> <a class=\"link-img\" href=\"https:\/\/nguyenhuetdnb.edu.vn\/index.php\/our_team\/dang-thi-giao-thuy\/\"><\/a><img loading=\"lazy\" decoding=\"async\" src=\"https:\/\/nguyenhuetdnb.edu.vn\/wp-content\/uploads\/2020\/02\/C\u00f4-\u0110\u1eb7ng-Th\u1ecb-Giao-Th\u1ee7y-GV-m\u00f4n-Sinh-200x200.png\" alt=\"C\u00f4 \u0110\u1eb7ng Th\u1ecb Giao Th\u1ee7y GV m\u00f4n Sinh\" title=\"C\u00f4 \u0110\u1eb7ng Th\u1ecb Giao Th\u1ee7y GV m\u00f4n Sinh\"  width=\"200\" height=\"200\"><div class=\"social-team\"><\/div><\/div><div class=\"content-team\"><h4 class=\"title\">C\u00f4 \u0110\u1eb7ng Th\u1ecb Giao Thu\u1ef7<\/h4><div class = \"regency\">TTCM<\/div><\/div><\/div><\/div><\/div><\/div><\/div><\/div><\/div><\/div>","protected":false},"excerpt":{"rendered":"","protected":false},"author":2,"featured_media":0,"parent":0,"menu_order":0,"comment_status":"closed","ping_status":"closed","template":"","meta":{"_bbp_topic_count":0,"_bbp_reply_count":0,"_bbp_total_topic_count":0,"_bbp_total_reply_count":0,"_bbp_voice_count":0,"_bbp_anonymous_reply_count":0,"_bbp_topic_count_hidden":0,"_bbp_reply_count_hidden":0,"_bbp_forum_subforum_count":0,"footnotes":""},"class_list":["post-7135","page","type-page","status-publish","hentry"],"_links":{"self":[{"href":"https:\/\/nguyenhuetdnb.edu.vn\/index.php\/wp-json\/wp\/v2\/pages\/7135","targetHints":{"allow":["GET"]}}],"collection":[{"href":"https:\/\/nguyenhuetdnb.edu.vn\/index.php\/wp-json\/wp\/v2\/pages"}],"about":[{"href":"https:\/\/nguyenhuetdnb.edu.vn\/index.php\/wp-json\/wp\/v2\/types\/page"}],"author":[{"embeddable":true,"href":"https:\/\/nguyenhuetdnb.edu.vn\/index.php\/wp-json\/wp\/v2\/users\/2"}],"replies":[{"embeddable":true,"href":"https:\/\/nguyenhuetdnb.edu.vn\/index.php\/wp-json\/wp\/v2\/comments?post=7135"}],"version-history":[{"count":0,"href":"https:\/\/nguyenhuetdnb.edu.vn\/index.php\/wp-json\/wp\/v2\/pages\/7135\/revisions"}],"wp:attachment":[{"href":"https:\/\/nguyenhuetdnb.edu.vn\/index.php\/wp-json\/wp\/v2\/media?parent=7135"}],"curies":[{"name":"wp","href":"https:\/\/api.w.org\/{rel}","templated":true}]}}