{"id":7140,"date":"2020-02-11T12:57:31","date_gmt":"2020-02-11T12:57:31","guid":{"rendered":"https:\/\/nguyenhuetdnb.website\/?page_id=7140"},"modified":"2020-02-21T15:48:53","modified_gmt":"2020-02-21T15:48:53","slug":"giao-vien-cong-nghe","status":"publish","type":"page","link":"https:\/\/nguyenhuetdnb.edu.vn\/index.php\/giao-vien-cong-nghe\/","title":{"rendered":"Gi\u00e1o vi\u00ean (C\u00f4ng ngh\u1ec7)"},"content":{"rendered":"<div id=\"pl-7140\"  class=\"panel-layout\" ><div id=\"pg-7140-0\"  class=\"panel-grid panel-no-style\" ><div id=\"pgc-7140-0-0\"  class=\"panel-grid-cell\" ><div id=\"panel-7140-0-0-0\" class=\"so-panel widget widget_our-team panel-first-child panel-last-child\" data-index=\"0\" ><div class=\"thim-widget-our-team thim-widget-our-team-base template-base\"><div class=\"wrapper-lists-our-team \"><a class=\"join-our-team\" href=\"https:\/\/nguyenhuetdnb.edu.vn\/index.php\/2020\/02\/21\/thong-tin-ca-nhan-nhom-cong-nghe\/\" title=\"Th\u00f4ng tin\">Th\u00f4ng tin<\/a><div class=\"row\"><div class=\"our-team-item col-sm-3\"><div class=\"our-team-image\"> <a class=\"link-img\" href=\"https:\/\/nguyenhuetdnb.edu.vn\/index.php\/our_team\/le-thi-huong-son\/\"><\/a><img loading=\"lazy\" decoding=\"async\" src=\"https:\/\/nguyenhuetdnb.edu.vn\/wp-content\/uploads\/2020\/02\/C\u00f4-L\u00ea-H\u01b0\u01a1ng-S\u01a1n-GV-C\u00f4ng-Ngh\u1ec7-200x200.jpg\" alt=\"C\u00f4 L\u00ea H\u01b0\u01a1ng S\u01a1n GV C\u00f4ng Ngh\u1ec7\" title=\"C\u00f4 L\u00ea H\u01b0\u01a1ng S\u01a1n GV C\u00f4ng Ngh\u1ec7\"  width=\"200\" height=\"200\"><div class=\"social-team\"><\/div><\/div><div class=\"content-team\"><h4 class=\"title\">C\u00f4 L\u00ea Th\u1ecb H\u01b0\u01a1ng S\u01a1n<\/h4><div class = \"regency\">Gi\u00e1o vi\u00ean<\/div><\/div><\/div><div class=\"our-team-item col-sm-3\"><div class=\"our-team-image\"> <a class=\"link-img\" href=\"https:\/\/nguyenhuetdnb.edu.vn\/index.php\/our_team\/pham-thi-oanh\/\"><\/a><img loading=\"lazy\" decoding=\"async\" src=\"https:\/\/nguyenhuetdnb.edu.vn\/wp-content\/uploads\/2020\/02\/C\u00f4-Ph\u1ea1m-Th\u1ecb-Oanh-GV-C\u00f4ng-Ngh\u1ec7-1-200x200.jpg\" alt=\"C\u00f4 Ph\u1ea1m Th\u1ecb Oanh GV C\u00f4ng Ngh\u1ec7 (1)\" title=\"C\u00f4 Ph\u1ea1m Th\u1ecb Oanh GV C\u00f4ng Ngh\u1ec7 (1)\"  width=\"200\" height=\"200\"><div class=\"social-team\"><\/div><\/div><div class=\"content-team\"><h4 class=\"title\">C\u00f4 Ph\u1ea1m Th\u1ecb Oanh<\/h4><div class = \"regency\">Th\u01b0 k\u00fd h\u1ed9i \u0111\u1ed3ng<\/div><\/div><\/div><\/div><\/div><\/div><\/div><\/div><\/div><\/div>","protected":false},"excerpt":{"rendered":"","protected":false},"author":2,"featured_media":0,"parent":0,"menu_order":0,"comment_status":"closed","ping_status":"closed","template":"","meta":{"_bbp_topic_count":0,"_bbp_reply_count":0,"_bbp_total_topic_count":0,"_bbp_total_reply_count":0,"_bbp_voice_count":0,"_bbp_anonymous_reply_count":0,"_bbp_topic_count_hidden":0,"_bbp_reply_count_hidden":0,"_bbp_forum_subforum_count":0,"footnotes":""},"class_list":["post-7140","page","type-page","status-publish","hentry"],"_links":{"self":[{"href":"https:\/\/nguyenhuetdnb.edu.vn\/index.php\/wp-json\/wp\/v2\/pages\/7140","targetHints":{"allow":["GET"]}}],"collection":[{"href":"https:\/\/nguyenhuetdnb.edu.vn\/index.php\/wp-json\/wp\/v2\/pages"}],"about":[{"href":"https:\/\/nguyenhuetdnb.edu.vn\/index.php\/wp-json\/wp\/v2\/types\/page"}],"author":[{"embeddable":true,"href":"https:\/\/nguyenhuetdnb.edu.vn\/index.php\/wp-json\/wp\/v2\/users\/2"}],"replies":[{"embeddable":true,"href":"https:\/\/nguyenhuetdnb.edu.vn\/index.php\/wp-json\/wp\/v2\/comments?post=7140"}],"version-history":[{"count":0,"href":"https:\/\/nguyenhuetdnb.edu.vn\/index.php\/wp-json\/wp\/v2\/pages\/7140\/revisions"}],"wp:attachment":[{"href":"https:\/\/nguyenhuetdnb.edu.vn\/index.php\/wp-json\/wp\/v2\/media?parent=7140"}],"curies":[{"name":"wp","href":"https:\/\/api.w.org\/{rel}","templated":true}]}}