{"id":7143,"date":"2020-02-11T12:58:08","date_gmt":"2020-02-11T12:58:08","guid":{"rendered":"https:\/\/nguyenhuetdnb.website\/?page_id=7143"},"modified":"2020-02-21T15:58:25","modified_gmt":"2020-02-21T15:58:25","slug":"giao-vien-the-duc","status":"publish","type":"page","link":"https:\/\/nguyenhuetdnb.edu.vn\/index.php\/giao-vien-the-duc\/","title":{"rendered":"Gi\u00e1o vi\u00ean (Th\u1ec3 d\u1ee5c)"},"content":{"rendered":"<div id=\"pl-7143\"  class=\"panel-layout\" ><div id=\"pg-7143-0\"  class=\"panel-grid panel-no-style\" ><div id=\"pgc-7143-0-0\"  class=\"panel-grid-cell\" ><div id=\"panel-7143-0-0-0\" class=\"so-panel widget widget_our-team panel-first-child panel-last-child\" data-index=\"0\" ><div class=\"thim-widget-our-team thim-widget-our-team-base template-base\"><div class=\"wrapper-lists-our-team \"><a class=\"join-our-team\" href=\"https:\/\/nguyenhuetdnb.edu.vn\/index.php\/2020\/02\/21\/thong-tin-ca-nhan-nhom-the-duc\/\" title=\"Th\u00f4ng tin\">Th\u00f4ng tin<\/a><div class=\"row\"><div class=\"our-team-item col-sm-3\"><div class=\"our-team-image\"> <a class=\"link-img\" href=\"https:\/\/nguyenhuetdnb.edu.vn\/index.php\/our_team\/thay-pham-trung-kien\/\"><\/a><img loading=\"lazy\" decoding=\"async\" src=\"https:\/\/nguyenhuetdnb.edu.vn\/wp-content\/uploads\/2024\/01\/z5122424828516_c975cb7650b1f3bbf30d3acb74fd8936-1-200x200.jpg\" alt=\"z5122424828516_c975cb7650b1f3bbf30d3acb74fd8936 (1)\" title=\"z5122424828516_c975cb7650b1f3bbf30d3acb74fd8936 (1)\"  width=\"200\" height=\"200\"><div class=\"social-team\"><\/div><\/div><div class=\"content-team\"><h4 class=\"title\">Th\u1ea7y Ph\u1ea1m Trung Ki\u00ean<\/h4><div class = \"regency\">Gi\u00e1o vi\u00ean, b\u00ed th\u01b0 \u0111o\u00e0n tr\u01b0\u1eddng<\/div><\/div><\/div><div class=\"our-team-item col-sm-3\"><div class=\"our-team-image\"> <a class=\"link-img\" href=\"https:\/\/nguyenhuetdnb.edu.vn\/index.php\/our_team\/nguyen-thi-nien\/\"><\/a><img loading=\"lazy\" decoding=\"async\" src=\"https:\/\/nguyenhuetdnb.edu.vn\/wp-content\/uploads\/2020\/02\/C\u00f4-Nguy\u1ec5n-Th\u1ecb-Ni\u00ean-GV-TD-200x200.jpg\" alt=\"C\u00f4 Nguy\u1ec5n Th\u1ecb Ni\u00ean GV TD\" title=\"C\u00f4 Nguy\u1ec5n Th\u1ecb Ni\u00ean GV TD\"  width=\"200\" height=\"200\"><div class=\"social-team\"><\/div><\/div><div class=\"content-team\"><h4 class=\"title\">Nguy\u1ec5n Th\u1ecb Ni\u00ean<\/h4><div class = \"regency\">Gi\u00e1o vi\u00ean<\/div><\/div><\/div><div class=\"our-team-item col-sm-3\"><div class=\"our-team-image\"> <a class=\"link-img\" href=\"https:\/\/nguyenhuetdnb.edu.vn\/index.php\/our_team\/nguyen-thanh-binh\/\"><\/a><img loading=\"lazy\" decoding=\"async\" src=\"https:\/\/nguyenhuetdnb.edu.vn\/wp-content\/uploads\/2020\/02\/C\u00f4-Nguy\u1ec5n-Thanh-B\u00ecnh-GV-TD-200x200.jpg\" alt=\"C\u00f4 Nguy\u1ec5n Thanh B\u00ecnh GV TD\" title=\"C\u00f4 Nguy\u1ec5n Thanh B\u00ecnh GV TD\"  width=\"200\" height=\"200\"><div class=\"social-team\"><\/div><\/div><div class=\"content-team\"><h4 class=\"title\">C\u00f4 Nguy\u1ec5n Thanh B\u00ecnh<\/h4><div class = \"regency\">Gi\u00e1o vi\u00ean<\/div><\/div><\/div><div class=\"our-team-item col-sm-3\"><div class=\"our-team-image\"> <a class=\"link-img\" href=\"https:\/\/nguyenhuetdnb.edu.vn\/index.php\/our_team\/dinh-khac-dung\/\"><\/a><img loading=\"lazy\" decoding=\"async\" src=\"https:\/\/nguyenhuetdnb.edu.vn\/wp-content\/uploads\/2020\/02\/Th\u1ea7y-\u0110inh-Kh\u1eafc-D\u0169ng-GV-TD-scaled-200x200.jpg\" alt=\"Th\u1ea7y \u0110inh Kh\u1eafc D\u0169ng GV TD\" title=\"Th\u1ea7y \u0110inh Kh\u1eafc D\u0169ng GV TD\"  width=\"200\" height=\"200\"><div class=\"social-team\"><\/div><\/div><div class=\"content-team\"><h4 class=\"title\">Th\u1ea7y \u0110inh Kh\u1eafc D\u0169ng<\/h4><div class = \"regency\">TPCM<\/div><\/div><\/div><div class=\"our-team-item col-sm-3\"><div class=\"our-team-image\"> <a class=\"link-img\" href=\"https:\/\/nguyenhuetdnb.edu.vn\/index.php\/our_team\/le-ngoc-hai\/\"><\/a><img loading=\"lazy\" decoding=\"async\" src=\"https:\/\/nguyenhuetdnb.edu.vn\/wp-content\/uploads\/2020\/02\/Th\u1ea7y-L\u00ea-Ng\u1ecdc-H\u1ea3i-GV-TD-scaled-200x200.jpg\" alt=\"Th\u1ea7y L\u00ea Ng\u1ecdc H\u1ea3i GV TD\" title=\"Th\u1ea7y L\u00ea Ng\u1ecdc H\u1ea3i GV TD\"  width=\"200\" height=\"200\"><div class=\"social-team\"><\/div><\/div><div class=\"content-team\"><h4 class=\"title\">Th\u1ea7y L\u00ea Ng\u1ecdc H\u1ea3i<\/h4><div class = \"regency\">Gi\u00e1o vi\u00ean<\/div><\/div><\/div><\/div><\/div><\/div><\/div><\/div><\/div><\/div>","protected":false},"excerpt":{"rendered":"","protected":false},"author":2,"featured_media":0,"parent":0,"menu_order":0,"comment_status":"closed","ping_status":"closed","template":"","meta":{"_bbp_topic_count":0,"_bbp_reply_count":0,"_bbp_total_topic_count":0,"_bbp_total_reply_count":0,"_bbp_voice_count":0,"_bbp_anonymous_reply_count":0,"_bbp_topic_count_hidden":0,"_bbp_reply_count_hidden":0,"_bbp_forum_subforum_count":0,"footnotes":""},"class_list":["post-7143","page","type-page","status-publish","hentry"],"_links":{"self":[{"href":"https:\/\/nguyenhuetdnb.edu.vn\/index.php\/wp-json\/wp\/v2\/pages\/7143","targetHints":{"allow":["GET"]}}],"collection":[{"href":"https:\/\/nguyenhuetdnb.edu.vn\/index.php\/wp-json\/wp\/v2\/pages"}],"about":[{"href":"https:\/\/nguyenhuetdnb.edu.vn\/index.php\/wp-json\/wp\/v2\/types\/page"}],"author":[{"embeddable":true,"href":"https:\/\/nguyenhuetdnb.edu.vn\/index.php\/wp-json\/wp\/v2\/users\/2"}],"replies":[{"embeddable":true,"href":"https:\/\/nguyenhuetdnb.edu.vn\/index.php\/wp-json\/wp\/v2\/comments?post=7143"}],"version-history":[{"count":0,"href":"https:\/\/nguyenhuetdnb.edu.vn\/index.php\/wp-json\/wp\/v2\/pages\/7143\/revisions"}],"wp:attachment":[{"href":"https:\/\/nguyenhuetdnb.edu.vn\/index.php\/wp-json\/wp\/v2\/media?parent=7143"}],"curies":[{"name":"wp","href":"https:\/\/api.w.org\/{rel}","templated":true}]}}