{"id":7154,"date":"2020-02-11T13:03:39","date_gmt":"2020-02-11T13:03:39","guid":{"rendered":"https:\/\/nguyenhuetdnb.website\/?page_id=7154"},"modified":"2020-02-21T15:56:09","modified_gmt":"2020-02-21T15:56:09","slug":"giao-vien-ngoai-ngu","status":"publish","type":"page","link":"https:\/\/nguyenhuetdnb.edu.vn\/index.php\/giao-vien-ngoai-ngu\/","title":{"rendered":"Gi\u00e1o vi\u00ean (Ngo\u1ea1i ng\u1eef)"},"content":{"rendered":"<div id=\"pl-7154\"  class=\"panel-layout\" ><div id=\"pg-7154-0\"  class=\"panel-grid panel-no-style\" ><div id=\"pgc-7154-0-0\"  class=\"panel-grid-cell\" ><div id=\"panel-7154-0-0-0\" class=\"so-panel widget widget_our-team panel-first-child panel-last-child\" data-index=\"0\" ><div class=\"thim-widget-our-team thim-widget-our-team-base template-base\"><div class=\"wrapper-lists-our-team \"><a class=\"join-our-team\" href=\"https:\/\/nguyenhuetdnb.edu.vn\/index.php\/2020\/02\/21\/thong-tin-ca-nhan-nhom-ngoai-ngu\/\" title=\"Th\u00f4ng tin\">Th\u00f4ng tin<\/a><div class=\"row\"><div class=\"our-team-item col-sm-3\"><div class=\"our-team-image\"> <a class=\"link-img\" href=\"https:\/\/nguyenhuetdnb.edu.vn\/index.php\/our_team\/pham-thi-nguyet\/\"><\/a><img loading=\"lazy\" decoding=\"async\" src=\"https:\/\/nguyenhuetdnb.edu.vn\/wp-content\/uploads\/2020\/02\/C\u00f4-Ph\u1ea1m-Th\u1ecb-Nguy\u1ec7t-GV-Ngo\u1ea1i-Ng\u1eef-200x200.jpg\" alt=\"C\u00f4 Ph\u1ea1m Th\u1ecb Nguy\u1ec7t GV Ngo\u1ea1i Ng\u1eef\" title=\"C\u00f4 Ph\u1ea1m Th\u1ecb Nguy\u1ec7t GV Ngo\u1ea1i Ng\u1eef\"  width=\"200\" height=\"200\"><div class=\"social-team\"><\/div><\/div><div class=\"content-team\"><h4 class=\"title\">C\u00f4 Ph\u1ea1m Th\u1ecb Nguy\u1ec7t<\/h4><div class = \"regency\">Gi\u00e1o vi\u00ean<\/div><\/div><\/div><div class=\"our-team-item col-sm-3\"><div class=\"our-team-image\"> <a class=\"link-img\" href=\"https:\/\/nguyenhuetdnb.edu.vn\/index.php\/our_team\/vu-thi-hong-van\/\"><\/a><img loading=\"lazy\" decoding=\"async\" src=\"https:\/\/nguyenhuetdnb.edu.vn\/wp-content\/uploads\/2020\/02\/C\u00f4-V\u0169-Th\u1ecb-H\u1ed3ng-V\u00e2n-GV-Ngo\u1ea1i-Ng\u1eef-scaled-200x200.jpg\" alt=\"C\u00f4 V\u0169 Th\u1ecb H\u1ed3ng V\u00e2n GV Ngo\u1ea1i Ng\u1eef\" title=\"C\u00f4 V\u0169 Th\u1ecb H\u1ed3ng V\u00e2n GV Ngo\u1ea1i Ng\u1eef\"  width=\"200\" height=\"200\"><div class=\"social-team\"><\/div><\/div><div class=\"content-team\"><h4 class=\"title\">C\u00f4 V\u0169 Th\u1ecb H\u1ed3ng V\u00e2n<\/h4><div class = \"regency\">Gi\u00e1o vi\u00ean, ph\u00f3 b\u00ed th\u01b0 \u0111o\u00e0n tr\u01b0\u1eddng<\/div><\/div><\/div><div class=\"our-team-item col-sm-3\"><div class=\"our-team-image\"> <a class=\"link-img\" href=\"https:\/\/nguyenhuetdnb.edu.vn\/index.php\/our_team\/nguyen-thi-thanh-tam\/\"><\/a><img loading=\"lazy\" decoding=\"async\" src=\"https:\/\/nguyenhuetdnb.edu.vn\/wp-content\/uploads\/2020\/02\/female-face-avatar-round-flat-icon-with-women-vector-11333794-200x200.jpg\" alt=\"female-face-avatar-round-flat-icon-with-women-vector-11333794\" title=\"female-face-avatar-round-flat-icon-with-women-vector-11333794\"  width=\"200\" height=\"200\"><div class=\"social-team\"><\/div><\/div><div class=\"content-team\"><h4 class=\"title\">C\u00f4 Nguy\u1ec5n Th\u1ecb Thanh T\u00e2m<\/h4><div class = \"regency\">Gi\u00e1o vi\u00ean<\/div><\/div><\/div><div class=\"our-team-item col-sm-3\"><div class=\"our-team-image\"> <a class=\"link-img\" href=\"https:\/\/nguyenhuetdnb.edu.vn\/index.php\/our_team\/nguyen-thi-yen-ly\/\"><\/a><img loading=\"lazy\" decoding=\"async\" src=\"https:\/\/nguyenhuetdnb.edu.vn\/wp-content\/uploads\/2020\/02\/C\u00f4-Nguy\u1ec5n-Th\u1ecb-Y\u00ean-L\u00fd-GV-Ngo\u1ea1i-Ng\u1eef-200x200.jpg\" alt=\"C\u00f4 Nguy\u1ec5n Th\u1ecb Y\u00ean L\u00fd GV Ngo\u1ea1i Ng\u1eef\" title=\"C\u00f4 Nguy\u1ec5n Th\u1ecb Y\u00ean L\u00fd GV Ngo\u1ea1i Ng\u1eef\"  width=\"200\" height=\"200\"><div class=\"social-team\"><\/div><\/div><div class=\"content-team\"><h4 class=\"title\">C\u00f4 Nguy\u1ec5n Th\u1ecb Y\u00ean L\u00fd<\/h4><div class = \"regency\">Gi\u00e1o vi\u00ean<\/div><\/div><\/div><div class=\"our-team-item col-sm-3\"><div class=\"our-team-image\"> <a class=\"link-img\" href=\"https:\/\/nguyenhuetdnb.edu.vn\/index.php\/our_team\/tran-thi-hong-hanh\/\"><\/a><img loading=\"lazy\" decoding=\"async\" src=\"https:\/\/nguyenhuetdnb.edu.vn\/wp-content\/uploads\/2020\/02\/C\u00f4-Tr\u1ea7n-Th\u1ecb-H\u1ed3ng-H\u1ea1nh-GV-Ngo\u1ea1i-Ng\u1eef-scaled-200x200.jpg\" alt=\"C\u00f4 Tr\u1ea7n Th\u1ecb H\u1ed3ng H\u1ea1nh GV Ngo\u1ea1i Ng\u1eef\" title=\"C\u00f4 Tr\u1ea7n Th\u1ecb H\u1ed3ng H\u1ea1nh GV Ngo\u1ea1i Ng\u1eef\"  width=\"200\" height=\"200\"><div class=\"social-team\"><\/div><\/div><div class=\"content-team\"><h4 class=\"title\">C\u00f4 Tr\u1ea7n Th\u1ecb H\u1ed3ng H\u1ea1nh<\/h4><div class = \"regency\">Gi\u00e1o vi\u00ean<\/div><\/div><\/div><div class=\"our-team-item col-sm-3\"><div class=\"our-team-image\"> <a class=\"link-img\" href=\"https:\/\/nguyenhuetdnb.edu.vn\/index.php\/our_team\/nguyen-thi-thanh-nhan\/\"><\/a><img loading=\"lazy\" decoding=\"async\" src=\"https:\/\/nguyenhuetdnb.edu.vn\/wp-content\/uploads\/2020\/02\/C\u00f4-Nguy\u1ec5n-Th\u1ecb-Thanh-Nh\u00e0n-GV-Ngo\u1ea1i-Ng\u1eef-200x200.jpg\" alt=\"C\u00f4 Nguy\u1ec5n Th\u1ecb Thanh Nh\u00e0n GV Ngo\u1ea1i Ng\u1eef\" title=\"C\u00f4 Nguy\u1ec5n Th\u1ecb Thanh Nh\u00e0n GV Ngo\u1ea1i Ng\u1eef\"  width=\"200\" height=\"200\"><div class=\"social-team\"><\/div><\/div><div class=\"content-team\"><h4 class=\"title\">C\u00f4 Nguy\u1ec5n Th\u1ecb Thanh Nh\u00e0n<\/h4><div class = \"regency\">Gi\u00e1o vi\u00ean<\/div><\/div><\/div><div class=\"our-team-item col-sm-3\"><div class=\"our-team-image\"> <a class=\"link-img\" href=\"https:\/\/nguyenhuetdnb.edu.vn\/index.php\/our_team\/le-thi-thao\/\"><\/a><img loading=\"lazy\" decoding=\"async\" src=\"https:\/\/nguyenhuetdnb.edu.vn\/wp-content\/uploads\/2020\/02\/C\u00f4-L\u00ea-Th\u1ecb-Th\u1ea3o-GV-Ngo\u1ea1i-Ng\u1eef-200x200.jpg\" alt=\"C\u00f4 L\u00ea Th\u1ecb Th\u1ea3o GV Ngo\u1ea1i Ng\u1eef\" title=\"C\u00f4 L\u00ea Th\u1ecb Th\u1ea3o GV Ngo\u1ea1i Ng\u1eef\"  width=\"200\" height=\"200\"><div class=\"social-team\"><\/div><\/div><div class=\"content-team\"><h4 class=\"title\">C\u00f4 L\u00ea Th\u1ecb Th\u1ea3o<\/h4><div class = \"regency\">Gi\u00e1o vi\u00ean<\/div><\/div><\/div><div class=\"our-team-item col-sm-3\"><div class=\"our-team-image\"> <a class=\"link-img\" href=\"https:\/\/nguyenhuetdnb.edu.vn\/index.php\/our_team\/nguyen-thi-hien\/\"><\/a><img loading=\"lazy\" decoding=\"async\" src=\"https:\/\/nguyenhuetdnb.edu.vn\/wp-content\/uploads\/2020\/02\/C\u00f4-Nguy\u1ec5n-Th\u1ecb-Hi\u1ec1n-GV-Ngo\u1ea1i-Ng\u1eef-Ch\u1ee7-t\u1ecbch-c\u00f4ng-\u0111o\u00e0n-200x200.jpg\" alt=\"C\u00f4 Nguy\u1ec5n Th\u1ecb Hi\u1ec1n GV Ngo\u1ea1i Ng\u1eef, Ch\u1ee7 t\u1ecbch c\u00f4ng \u0111o\u00e0n\" title=\"C\u00f4 Nguy\u1ec5n Th\u1ecb Hi\u1ec1n GV Ngo\u1ea1i Ng\u1eef, Ch\u1ee7 t\u1ecbch c\u00f4ng \u0111o\u00e0n\"  width=\"200\" height=\"200\"><div class=\"social-team\"><\/div><\/div><div class=\"content-team\"><h4 class=\"title\">C\u00f4 Nguy\u1ec5n Th\u1ecb Hi\u1ec1n<\/h4><div class = \"regency\">Ch\u1ee7 t\u1ecbch c\u00f4ng \u0111o\u00e0n<\/div><\/div><\/div><\/div><\/div><\/div><\/div><\/div><\/div><\/div>","protected":false},"excerpt":{"rendered":"","protected":false},"author":2,"featured_media":0,"parent":0,"menu_order":0,"comment_status":"closed","ping_status":"closed","template":"","meta":{"_bbp_topic_count":0,"_bbp_reply_count":0,"_bbp_total_topic_count":0,"_bbp_total_reply_count":0,"_bbp_voice_count":0,"_bbp_anonymous_reply_count":0,"_bbp_topic_count_hidden":0,"_bbp_reply_count_hidden":0,"_bbp_forum_subforum_count":0,"footnotes":""},"class_list":["post-7154","page","type-page","status-publish","hentry"],"_links":{"self":[{"href":"https:\/\/nguyenhuetdnb.edu.vn\/index.php\/wp-json\/wp\/v2\/pages\/7154","targetHints":{"allow":["GET"]}}],"collection":[{"href":"https:\/\/nguyenhuetdnb.edu.vn\/index.php\/wp-json\/wp\/v2\/pages"}],"about":[{"href":"https:\/\/nguyenhuetdnb.edu.vn\/index.php\/wp-json\/wp\/v2\/types\/page"}],"author":[{"embeddable":true,"href":"https:\/\/nguyenhuetdnb.edu.vn\/index.php\/wp-json\/wp\/v2\/users\/2"}],"replies":[{"embeddable":true,"href":"https:\/\/nguyenhuetdnb.edu.vn\/index.php\/wp-json\/wp\/v2\/comments?post=7154"}],"version-history":[{"count":0,"href":"https:\/\/nguyenhuetdnb.edu.vn\/index.php\/wp-json\/wp\/v2\/pages\/7154\/revisions"}],"wp:attachment":[{"href":"https:\/\/nguyenhuetdnb.edu.vn\/index.php\/wp-json\/wp\/v2\/media?parent=7154"}],"curies":[{"name":"wp","href":"https:\/\/api.w.org\/{rel}","templated":true}]}}