{"id":7160,"date":"2020-02-11T13:10:04","date_gmt":"2020-02-11T13:10:04","guid":{"rendered":"https:\/\/nguyenhuetdnb.website\/?page_id=7160"},"modified":"2020-02-11T13:10:33","modified_gmt":"2020-02-11T13:10:33","slug":"thanh-vien-to-hanh-chinh","status":"publish","type":"page","link":"https:\/\/nguyenhuetdnb.edu.vn\/index.php\/thanh-vien-to-hanh-chinh\/","title":{"rendered":"Th\u00e0nh vi\u00ean t\u1ed5 h\u00e0nh ch\u00ednh"},"content":{"rendered":"<div id=\"pl-7160\"  class=\"panel-layout\" ><div id=\"pg-7160-0\"  class=\"panel-grid panel-no-style\" ><div id=\"pgc-7160-0-0\"  class=\"panel-grid-cell\" ><div id=\"panel-7160-0-0-0\" class=\"so-panel widget widget_our-team panel-first-child panel-last-child\" data-index=\"0\" ><div class=\"thim-widget-our-team thim-widget-our-team-base template-base\"><div class=\"wrapper-lists-our-team \"><div class=\"row\"><div class=\"our-team-item col-sm-3\"><div class=\"our-team-image\"> <a class=\"link-img\" href=\"https:\/\/nguyenhuetdnb.edu.vn\/index.php\/our_team\/co-do-thi-hang-huong\/\"><\/a><img loading=\"lazy\" decoding=\"async\" src=\"https:\/\/nguyenhuetdnb.edu.vn\/wp-content\/uploads\/2020\/02\/C\u00f4-\u0110\u1ed7-Th\u1ecb-H\u1eb1ng-H\u01b0\u01a1ng-V\u0103n-Th\u01b0-scaled-200x200.jpg\" alt=\"C\u00f4 \u0110\u1ed7 Th\u1ecb H\u1eb1ng H\u01b0\u01a1ng V\u0103n Th\u01b0\" title=\"C\u00f4 \u0110\u1ed7 Th\u1ecb H\u1eb1ng H\u01b0\u01a1ng V\u0103n Th\u01b0\"  width=\"200\" height=\"200\"><div class=\"social-team\"><\/div><\/div><div class=\"content-team\"><h4 class=\"title\">C\u00f4 \u0110\u1ed7 Th\u1ecb H\u1eb1ng H\u01b0\u01a1ng<\/h4><div class = \"regency\">V\u0103n th\u01b0<\/div><\/div><\/div><div class=\"our-team-item col-sm-3\"><div class=\"our-team-image\"> <a class=\"link-img\" href=\"https:\/\/nguyenhuetdnb.edu.vn\/index.php\/our_team\/vu-van-nguyen\/\"><\/a><img loading=\"lazy\" decoding=\"async\" src=\"https:\/\/nguyenhuetdnb.edu.vn\/wp-content\/uploads\/2020\/02\/dcc759f8c962313c6873-200x200.jpg\" alt=\"dcc759f8c962313c6873\" title=\"dcc759f8c962313c6873\"  width=\"200\" height=\"200\"><div class=\"social-team\"><\/div><\/div><div class=\"content-team\"><h4 class=\"title\">Th\u1ea7y V\u0169 V\u0103n Nguy\u00ean<\/h4><div class = \"regency\">V\u0103n Ph\u00f2ng<\/div><\/div><\/div><div class=\"our-team-item col-sm-3\"><div class=\"our-team-image\"> <a class=\"link-img\" href=\"https:\/\/nguyenhuetdnb.edu.vn\/index.php\/our_team\/ngo-thi-thanh-mai\/\"><\/a><img loading=\"lazy\" decoding=\"async\" src=\"https:\/\/nguyenhuetdnb.edu.vn\/wp-content\/uploads\/2020\/02\/female-face-avatar-round-flat-icon-with-women-vector-11333794-200x200.jpg\" alt=\"female-face-avatar-round-flat-icon-with-women-vector-11333794\" title=\"female-face-avatar-round-flat-icon-with-women-vector-11333794\"  width=\"200\" height=\"200\"><div class=\"social-team\"><\/div><\/div><div class=\"content-team\"><h4 class=\"title\">C\u00f4 Ng\u00f4 Th\u1ecb Thanh Mai<\/h4><div class = \"regency\">Gi\u00e1o vi\u00ean<\/div><\/div><\/div><div class=\"our-team-item col-sm-3\"><div class=\"our-team-image\"> <a class=\"link-img\" href=\"https:\/\/nguyenhuetdnb.edu.vn\/index.php\/our_team\/7101\/\"><\/a><img loading=\"lazy\" decoding=\"async\" src=\"https:\/\/nguyenhuetdnb.edu.vn\/wp-content\/uploads\/2020\/02\/female-face-avatar-round-flat-icon-with-women-vector-11333794-200x200.jpg\" alt=\"female-face-avatar-round-flat-icon-with-women-vector-11333794\" title=\"female-face-avatar-round-flat-icon-with-women-vector-11333794\"  width=\"200\" height=\"200\"><div class=\"social-team\"><\/div><\/div><div class=\"content-team\"><h4 class=\"title\">C\u00f4 Nguy\u1ec5n Th\u1ecb H\u1ed3ng H\u1ea1nh<\/h4><div class = \"regency\">Trung c\u1ea5p Th\u01b0 vi\u1ec7n \u2013 Thi\u1ebft b\u1ecb<\/div><\/div><\/div><div class=\"our-team-item col-sm-3\"><div class=\"our-team-image\"> <a class=\"link-img\" href=\"https:\/\/nguyenhuetdnb.edu.vn\/index.php\/our_team\/mai-thi-binh\/\"><\/a><img loading=\"lazy\" decoding=\"async\" src=\"https:\/\/nguyenhuetdnb.edu.vn\/wp-content\/uploads\/2020\/02\/C\u00f4-Mai-Th\u1ecb-B\u00ecnh-Y-T\u1ebf-H\u1ecdc-\u0111\u01b0\u1eddng-200x200.jpg\" alt=\"C\u00f4 Mai Th\u1ecb B\u00ecnh Y T\u1ebf H\u1ecdc \u0111\u01b0\u1eddng\" title=\"C\u00f4 Mai Th\u1ecb B\u00ecnh Y T\u1ebf H\u1ecdc \u0111\u01b0\u1eddng\"  width=\"200\" height=\"200\"><div class=\"social-team\"><\/div><\/div><div class=\"content-team\"><h4 class=\"title\">C\u00f4 Mai Th\u1ecb B\u00ecnh<\/h4><div class = \"regency\">Y s\u1ef9 trung c\u1ea5p<\/div><\/div><\/div><\/div><\/div><\/div><\/div><\/div><\/div><\/div>","protected":false},"excerpt":{"rendered":"","protected":false},"author":2,"featured_media":0,"parent":0,"menu_order":0,"comment_status":"closed","ping_status":"closed","template":"","meta":{"_bbp_topic_count":0,"_bbp_reply_count":0,"_bbp_total_topic_count":0,"_bbp_total_reply_count":0,"_bbp_voice_count":0,"_bbp_anonymous_reply_count":0,"_bbp_topic_count_hidden":0,"_bbp_reply_count_hidden":0,"_bbp_forum_subforum_count":0,"footnotes":""},"class_list":["post-7160","page","type-page","status-publish","hentry"],"_links":{"self":[{"href":"https:\/\/nguyenhuetdnb.edu.vn\/index.php\/wp-json\/wp\/v2\/pages\/7160","targetHints":{"allow":["GET"]}}],"collection":[{"href":"https:\/\/nguyenhuetdnb.edu.vn\/index.php\/wp-json\/wp\/v2\/pages"}],"about":[{"href":"https:\/\/nguyenhuetdnb.edu.vn\/index.php\/wp-json\/wp\/v2\/types\/page"}],"author":[{"embeddable":true,"href":"https:\/\/nguyenhuetdnb.edu.vn\/index.php\/wp-json\/wp\/v2\/users\/2"}],"replies":[{"embeddable":true,"href":"https:\/\/nguyenhuetdnb.edu.vn\/index.php\/wp-json\/wp\/v2\/comments?post=7160"}],"version-history":[{"count":0,"href":"https:\/\/nguyenhuetdnb.edu.vn\/index.php\/wp-json\/wp\/v2\/pages\/7160\/revisions"}],"wp:attachment":[{"href":"https:\/\/nguyenhuetdnb.edu.vn\/index.php\/wp-json\/wp\/v2\/media?parent=7160"}],"curies":[{"name":"wp","href":"https:\/\/api.w.org\/{rel}","templated":true}]}}