{"id":7451,"date":"2020-02-18T16:16:58","date_gmt":"2020-02-18T16:16:58","guid":{"rendered":"https:\/\/nguyenhuetdnb.edu.vn\/?page_id=7451"},"modified":"2020-02-18T16:16:58","modified_gmt":"2020-02-18T16:16:58","slug":"tu-van-huong-nghiep","status":"publish","type":"page","link":"https:\/\/nguyenhuetdnb.edu.vn\/index.php\/tu-van-huong-nghiep\/","title":{"rendered":"T\u01b0 v\u1ea5n h\u01b0\u1edbng nghi\u1ec7p"},"content":{"rendered":"<div id=\"pl-7451\"  class=\"panel-layout\" ><div id=\"pg-7451-0\"  class=\"panel-grid panel-no-style\" ><div id=\"pgc-7451-0-0\"  class=\"panel-grid-cell\" ><div id=\"panel-7451-0-0-0\" class=\"so-panel widget widget_list-post panel-first-child panel-last-child\" data-index=\"0\" ><div class=\"thim-widget-list-post thim-widget-list-post-base template-base\"><\/div><\/div><\/div><div id=\"pgc-7451-0-1\"  class=\"panel-grid-cell\" ><div class=\"theiaStickySidebar panel-cell-style panel-cell-style-for-7451-0-1\" ><div id=\"panel-7451-0-1-0\" class=\"so-panel widget widget_sow-headline panel-first-child\" data-index=\"1\" ><div class=\"so-widget-sow-headline so-widget-sow-headline-default-dcf7037355d2-7451\"><div class=\"sow-headline-container \">\n\t<h4 class='sow-headline'>TH\u01af VI\u1ec6N T\u00c0I LI\u1ec6U<\/h4>\t\t\t\t\t<div class=\"decoration\">\n\t\t\t\t\t\t<div class=\"decoration-inside\"><\/div>\n\t\t\t\t\t<\/div>\n\t\t\t\t\t<\/div><\/div><\/div><div id=\"panel-7451-0-1-1\" class=\"so-panel widget widget_nav_menu panel-last-child\" data-index=\"2\" ><div class=\"menu-thu-vien-container\"><ul id=\"menu-thu-vien\" class=\"menu\"><li id=\"menu-item-7482\" class=\"menu-item menu-item-type-post_type menu-item-object-page menu-item-7482 tc-menu-item tc-menu-depth-0 tc-menu-align-left tc-menu-layout-default\"><a href=\"https:\/\/nguyenhuetdnb.edu.vn\/index.php\/toan\/\" class=\"tc-menu-inner\">To\u00e1n<\/a><\/li>\n<li id=\"menu-item-7481\" class=\"menu-item menu-item-type-post_type menu-item-object-page menu-item-7481 tc-menu-item tc-menu-depth-0 tc-menu-align-left tc-menu-layout-default\"><a href=\"https:\/\/nguyenhuetdnb.edu.vn\/index.php\/ly\/\" class=\"tc-menu-inner\">V\u1eadt l\u00fd<\/a><\/li>\n<li id=\"menu-item-7480\" class=\"menu-item menu-item-type-post_type menu-item-object-page menu-item-7480 tc-menu-item tc-menu-depth-0 tc-menu-align-left tc-menu-layout-default\"><a href=\"https:\/\/nguyenhuetdnb.edu.vn\/index.php\/hoa\/\" class=\"tc-menu-inner\">H\u00f3a h\u1ecdc<\/a><\/li>\n<li id=\"menu-item-7479\" class=\"menu-item menu-item-type-post_type menu-item-object-page menu-item-7479 tc-menu-item tc-menu-depth-0 tc-menu-align-left tc-menu-layout-default\"><a href=\"https:\/\/nguyenhuetdnb.edu.vn\/index.php\/sinh\/\" class=\"tc-menu-inner\">Sinh h\u1ecdc<\/a><\/li>\n<li id=\"menu-item-7478\" class=\"menu-item menu-item-type-post_type menu-item-object-page menu-item-7478 tc-menu-item tc-menu-depth-0 tc-menu-align-left tc-menu-layout-default\"><a href=\"https:\/\/nguyenhuetdnb.edu.vn\/index.php\/van\/\" class=\"tc-menu-inner\">V\u0103n h\u1ecdc<\/a><\/li>\n<li id=\"menu-item-7477\" class=\"menu-item menu-item-type-post_type menu-item-object-page menu-item-7477 tc-menu-item tc-menu-depth-0 tc-menu-align-left tc-menu-layout-default\"><a href=\"https:\/\/nguyenhuetdnb.edu.vn\/index.php\/su\/\" class=\"tc-menu-inner\">L\u1ecbch s\u1eed<\/a><\/li>\n<li id=\"menu-item-7476\" class=\"menu-item menu-item-type-post_type menu-item-object-page menu-item-7476 tc-menu-item tc-menu-depth-0 tc-menu-align-left tc-menu-layout-default\"><a href=\"https:\/\/nguyenhuetdnb.edu.vn\/index.php\/dia-ly\/\" class=\"tc-menu-inner\">\u0110\u1ecba l\u00fd<\/a><\/li>\n<li id=\"menu-item-7473\" class=\"menu-item menu-item-type-post_type menu-item-object-page menu-item-7473 tc-menu-item tc-menu-depth-0 tc-menu-align-left tc-menu-layout-default\"><a href=\"https:\/\/nguyenhuetdnb.edu.vn\/index.php\/tin-hoc\/\" class=\"tc-menu-inner\">Tin h\u1ecdc<\/a><\/li>\n<li id=\"menu-item-7474\" class=\"menu-item menu-item-type-post_type menu-item-object-page menu-item-7474 tc-menu-item tc-menu-depth-0 tc-menu-align-left tc-menu-layout-default\"><a href=\"https:\/\/nguyenhuetdnb.edu.vn\/index.php\/ngoai-ngu\/\" class=\"tc-menu-inner\">Ngo\u1ea1i ng\u1eef<\/a><\/li>\n<li id=\"menu-item-7475\" class=\"menu-item menu-item-type-post_type menu-item-object-page menu-item-7475 tc-menu-item tc-menu-depth-0 tc-menu-align-left tc-menu-layout-default\"><a href=\"https:\/\/nguyenhuetdnb.edu.vn\/index.php\/gdcd\/\" class=\"tc-menu-inner\">GDCD<\/a><\/li>\n<li id=\"menu-item-7472\" class=\"menu-item menu-item-type-post_type menu-item-object-page menu-item-7472 tc-menu-item tc-menu-depth-0 tc-menu-align-left tc-menu-layout-default\"><a href=\"https:\/\/nguyenhuetdnb.edu.vn\/index.php\/de-thi-va-dap-an\/\" class=\"tc-menu-inner\">\u0110\u1ec1 thi v\u00e0 \u0111\u00e1p \u00e1n<\/a><\/li>\n<li id=\"menu-item-7471\" class=\"menu-item menu-item-type-post_type menu-item-object-page menu-item-7471 tc-menu-item tc-menu-depth-0 tc-menu-align-left tc-menu-layout-default\"><a href=\"https:\/\/nguyenhuetdnb.edu.vn\/index.php\/tu-van-huong-nghiep\/\" class=\"tc-menu-inner\">T\u01b0 v\u1ea5n h\u01b0\u1edbng nghi\u1ec7p<\/a><\/li>\n<li id=\"menu-item-7470\" class=\"menu-item menu-item-type-post_type menu-item-object-page menu-item-7470 tc-menu-item tc-menu-depth-0 tc-menu-align-left tc-menu-layout-default\"><a href=\"https:\/\/nguyenhuetdnb.edu.vn\/index.php\/phuong-phap-hoc-tap\/\" class=\"tc-menu-inner\">Ph\u01b0\u01a1ng ph\u00e1p h\u1ecdc t\u1eadp<\/a><\/li>\n<\/ul><\/div><\/div><\/div><\/div><\/div><\/div>","protected":false},"excerpt":{"rendered":"<p>TH\u01af VI\u1ec6N T\u00c0I LI\u1ec6U To\u00e1n V\u1eadt l\u00fd H\u00f3a h\u1ecdc Sinh h\u1ecdc V\u0103n h\u1ecdc L\u1ecbch s\u1eed \u0110\u1ecba l\u00fd Tin h\u1ecdc Ngo\u1ea1i ng\u1eef GDCD \u0110\u1ec1 thi v\u00e0 \u0111\u00e1p \u00e1n T\u01b0 v\u1ea5n h\u01b0\u1edbng nghi\u1ec7p Ph\u01b0\u01a1ng ph\u00e1p h\u1ecdc t\u1eadp<\/p>\n","protected":false},"author":2,"featured_media":0,"parent":0,"menu_order":0,"comment_status":"closed","ping_status":"closed","template":"","meta":{"_bbp_topic_count":0,"_bbp_reply_count":0,"_bbp_total_topic_count":0,"_bbp_total_reply_count":0,"_bbp_voice_count":0,"_bbp_anonymous_reply_count":0,"_bbp_topic_count_hidden":0,"_bbp_reply_count_hidden":0,"_bbp_forum_subforum_count":0,"footnotes":""},"class_list":["post-7451","page","type-page","status-publish","hentry"],"_links":{"self":[{"href":"https:\/\/nguyenhuetdnb.edu.vn\/index.php\/wp-json\/wp\/v2\/pages\/7451","targetHints":{"allow":["GET"]}}],"collection":[{"href":"https:\/\/nguyenhuetdnb.edu.vn\/index.php\/wp-json\/wp\/v2\/pages"}],"about":[{"href":"https:\/\/nguyenhuetdnb.edu.vn\/index.php\/wp-json\/wp\/v2\/types\/page"}],"author":[{"embeddable":true,"href":"https:\/\/nguyenhuetdnb.edu.vn\/index.php\/wp-json\/wp\/v2\/users\/2"}],"replies":[{"embeddable":true,"href":"https:\/\/nguyenhuetdnb.edu.vn\/index.php\/wp-json\/wp\/v2\/comments?post=7451"}],"version-history":[{"count":0,"href":"https:\/\/nguyenhuetdnb.edu.vn\/index.php\/wp-json\/wp\/v2\/pages\/7451\/revisions"}],"wp:attachment":[{"href":"https:\/\/nguyenhuetdnb.edu.vn\/index.php\/wp-json\/wp\/v2\/media?parent=7451"}],"curies":[{"name":"wp","href":"https:\/\/api.w.org\/{rel}","templated":true}]}}