{"id":8337,"date":"2020-03-31T14:55:57","date_gmt":"2020-03-31T14:55:57","guid":{"rendered":"https:\/\/nguyenhuetdnb.edu.vn\/index.php\/reset-password\/"},"modified":"2020-03-31T14:55:57","modified_gmt":"2020-03-31T14:55:57","slug":"reset-password","status":"publish","type":"page","link":"https:\/\/nguyenhuetdnb.edu.vn\/index.php\/reset-password\/","title":{"rendered":"Reset Password"},"content":{"rendered":"<div class=\"event-wrapper-shortcode reset-password\"><form name=\"resetpassform\" action=\"https:\/\/nguyenhuetdnb.edu.vn\/wp-login.php?action=resetpass\" method=\"POST\" class=\"event-auth-form\">\r\n    <input type=\"hidden\" name=\"user_login\" value=\"\" \/>\r\n\r\n    <div class=\"user-pass1-wrap\">\r\n        <p class=\"form-row required\">\r\n            <label for=\"pass1\">Password<\/label>\r\n        <\/p>\r\n\r\n        <div class=\"wp-pwd\">\r\n            <span class=\"password-input-wrapper\">\r\n                <input type=\"password\"  class=\"event_auth_input\" name=\"pass1\" \/>\r\n            <\/span>\r\n        <\/div>\r\n    <\/div>\r\n\r\n    <div class=\"user-pass2-wrap\">\r\n        <p class=\"form-row required\">\r\n            <label for=\"pass2\">Confirm Password<\/label>\r\n        <\/p>\r\n\r\n        <div class=\"wp-pwd\">\r\n            <span class=\"password-input-wrapper\">\r\n                <input type=\"password\" name=\"pass2\" class=\"event_auth_input\" \/>\r\n            <\/span>\r\n        <\/div>\r\n    <\/div>\r\n\r\n    <p class=\"description indicator-hint\">G\u1ee3i \u00fd: M\u1eadt kh\u1ea9u ph\u1ea3i c\u00f3 \u00edt nh\u1ea5t 12 k\u00fd t\u1ef1. \u0110\u1ec3 n\u00e2ng cao \u0111\u1ed9 b\u1ea3o m\u1eadt, s\u1eed d\u1ee5ng ch\u1eef in hoa, in th\u01b0\u1eddng, ch\u1eef s\u1ed1 v\u00e0 c\u00e1c k\u00fd t\u1ef1 \u0111\u1eb7c bi\u1ec7t nh\u01b0 ! \" ? $ % ^ &amp; ).<\/p>\r\n\r\n        <input type=\"hidden\" name=\"key\" value=\"\" \/>\r\n    <p class=\"submit form-row required\">\r\n        <input type=\"submit\" name=\"submit\" class=\"button button-primary button-large\" value=\"Reset Password\" \/>\r\n    <\/p>\r\n<\/form>\r\n\r\n<p id=\"nav\">\r\n            <a href=\"https:\/\/nguyenhuetdnb.edu.vn\/wp-login.php\">Log in<\/a>\r\n        <\/p><\/div>\n","protected":false},"excerpt":{"rendered":"","protected":false},"author":1,"featured_media":0,"parent":0,"menu_order":0,"comment_status":"closed","ping_status":"closed","template":"","meta":{"_bbp_topic_count":0,"_bbp_reply_count":0,"_bbp_total_topic_count":0,"_bbp_total_reply_count":0,"_bbp_voice_count":0,"_bbp_anonymous_reply_count":0,"_bbp_topic_count_hidden":0,"_bbp_reply_count_hidden":0,"_bbp_forum_subforum_count":0,"footnotes":""},"class_list":["post-8337","page","type-page","status-publish","hentry"],"_links":{"self":[{"href":"https:\/\/nguyenhuetdnb.edu.vn\/index.php\/wp-json\/wp\/v2\/pages\/8337","targetHints":{"allow":["GET"]}}],"collection":[{"href":"https:\/\/nguyenhuetdnb.edu.vn\/index.php\/wp-json\/wp\/v2\/pages"}],"about":[{"href":"https:\/\/nguyenhuetdnb.edu.vn\/index.php\/wp-json\/wp\/v2\/types\/page"}],"author":[{"embeddable":true,"href":"https:\/\/nguyenhuetdnb.edu.vn\/index.php\/wp-json\/wp\/v2\/users\/1"}],"replies":[{"embeddable":true,"href":"https:\/\/nguyenhuetdnb.edu.vn\/index.php\/wp-json\/wp\/v2\/comments?post=8337"}],"version-history":[{"count":0,"href":"https:\/\/nguyenhuetdnb.edu.vn\/index.php\/wp-json\/wp\/v2\/pages\/8337\/revisions"}],"wp:attachment":[{"href":"https:\/\/nguyenhuetdnb.edu.vn\/index.php\/wp-json\/wp\/v2\/media?parent=8337"}],"curies":[{"name":"wp","href":"https:\/\/api.w.org\/{rel}","templated":true}]}}